{"id":3579,"date":"2012-03-30T09:30:11","date_gmt":"2012-03-30T09:30:11","guid":{"rendered":"http:\/\/www.palmaequipmentrental.com\/product\/high-roller-2\/"},"modified":"2022-08-05T12:13:51","modified_gmt":"2022-08-05T12:13:51","slug":"high-roller","status":"publish","type":"product","link":"https:\/\/palmaequipmentrental.com\/es\/photo-video-equipment-mallorca\/high-roller\/","title":{"rendered":"Tr\u00edpode High Roller"},"content":{"rendered":"<p>Tr\u00edpode mobil con cabezal de agarre y ruedas extra\u00edbles.<\/p>\n<ul>\n<li>Peso 18,3 kilos<\/li>\n<li>Altura m\u00ednima 186 cm<\/li>\n<li>Altura M\u00e1xima 579 cm<\/li>\n<li>Carga \u00fatil 40 kg<\/li>\n<\/ul>\n","protected":false},"excerpt":{"rendered":"<p>Tr\u00edpode mobil con cabezal de agarre y ruedas extra\u00edbles. Peso 18,3 kilos Altura m\u00ednima 186 cm Altura M\u00e1xima 579 cm Carga \u00fatil 40 kg<\/p>\n","protected":false},"featured_media":13297,"template":"","meta":[],"product_cat":[227,228],"product_tag":[],"class_list":{"0":"post-3579","1":"product","2":"type-product","3":"status-publish","4":"has-post-thumbnail","6":"product_cat-tripodes-de-luz-2","7":"product_cat-tripodes-de-luz","9":"first","10":"instock","11":"shipping-taxable","12":"purchasable","13":"product-type-simple"},"_links":{"self":[{"href":"https:\/\/palmaequipmentrental.com\/es\/wp-json\/wp\/v2\/product\/3579","targetHints":{"allow":["GET"]}}],"collection":[{"href":"https:\/\/palmaequipmentrental.com\/es\/wp-json\/wp\/v2\/product"}],"about":[{"href":"https:\/\/palmaequipmentrental.com\/es\/wp-json\/wp\/v2\/types\/product"}],"wp:featuredmedia":[{"embeddable":true,"href":"https:\/\/palmaequipmentrental.com\/es\/wp-json\/wp\/v2\/media\/13297"}],"wp:attachment":[{"href":"https:\/\/palmaequipmentrental.com\/es\/wp-json\/wp\/v2\/media?parent=3579"}],"wp:term":[{"taxonomy":"product_cat","embeddable":true,"href":"https:\/\/palmaequipmentrental.com\/es\/wp-json\/wp\/v2\/product_cat?post=3579"},{"taxonomy":"product_tag","embeddable":true,"href":"https:\/\/palmaequipmentrental.com\/es\/wp-json\/wp\/v2\/product_tag?post=3579"}],"curies":[{"name":"wp","href":"https:\/\/api.w.org\/{rel}","templated":true}]}}