{"id":3581,"date":"2012-03-30T09:30:11","date_gmt":"2012-03-30T09:30:11","guid":{"rendered":"http:\/\/www.palmaequipmentrental.com\/product\/mega-boom-2\/"},"modified":"2022-08-05T12:13:51","modified_gmt":"2022-08-05T12:13:51","slug":"mega-boom","status":"publish","type":"product","link":"https:\/\/palmaequipmentrental.com\/es\/photo-video-equipment-mallorca\/mega-boom\/","title":{"rendered":"Mega Boom"},"content":{"rendered":"<p>Nuestro Mega Boom incluye un saco de arena grande como contrapeso.<\/p>\n<p>La pluma m\u00e1s grande de la gama, el control remoto de la panor\u00e1mica, la inclinaci\u00f3n y la rotaci\u00f3n de la extensi\u00f3n telesc\u00f3pica laminar m\u00e1s engranada.<\/p>\n<p>&#8211; Longitud cerrada = 220cm<\/p>\n<p>&#8211; Extensi\u00f3n m\u00ednima del accesorio del soporte = 50cm<\/p>\n<p>&#8211; Extensi\u00f3n m\u00e1xima desde el accesorio del soporte = 320cm<\/p>\n<p>&#8211; Capacidad de carga en extensi\u00f3n m\u00e1xima = 6 kg<\/p>\n","protected":false},"excerpt":{"rendered":"<p>Nuestro Mega Boom incluye un saco de arena grande como contrapeso. La pluma m\u00e1s grande de la gama, el control remoto de la panor\u00e1mica, la inclinaci\u00f3n y la rotaci\u00f3n de la extensi\u00f3n telesc\u00f3pica laminar m\u00e1s engranada. &#8211; Longitud cerrada = 220cm &#8211; Extensi\u00f3n m\u00ednima del accesorio del soporte = 50cm &#8211; Extensi\u00f3n m\u00e1xima desde el accesorio del soporte = 320cm [&hellip;]<\/p>\n","protected":false},"featured_media":8860,"template":"","meta":[],"product_cat":[227,228],"product_tag":[],"class_list":{"0":"post-3581","1":"product","2":"type-product","3":"status-publish","4":"has-post-thumbnail","6":"product_cat-tripodes-de-luz-2","7":"product_cat-tripodes-de-luz","9":"first","10":"instock","11":"shipping-taxable","12":"purchasable","13":"product-type-simple"},"_links":{"self":[{"href":"https:\/\/palmaequipmentrental.com\/es\/wp-json\/wp\/v2\/product\/3581","targetHints":{"allow":["GET"]}}],"collection":[{"href":"https:\/\/palmaequipmentrental.com\/es\/wp-json\/wp\/v2\/product"}],"about":[{"href":"https:\/\/palmaequipmentrental.com\/es\/wp-json\/wp\/v2\/types\/product"}],"wp:featuredmedia":[{"embeddable":true,"href":"https:\/\/palmaequipmentrental.com\/es\/wp-json\/wp\/v2\/media\/8860"}],"wp:attachment":[{"href":"https:\/\/palmaequipmentrental.com\/es\/wp-json\/wp\/v2\/media?parent=3581"}],"wp:term":[{"taxonomy":"product_cat","embeddable":true,"href":"https:\/\/palmaequipmentrental.com\/es\/wp-json\/wp\/v2\/product_cat?post=3581"},{"taxonomy":"product_tag","embeddable":true,"href":"https:\/\/palmaequipmentrental.com\/es\/wp-json\/wp\/v2\/product_tag?post=3581"}],"curies":[{"name":"wp","href":"https:\/\/api.w.org\/{rel}","templated":true}]}}