{"id":3599,"date":"2012-03-29T11:19:44","date_gmt":"2012-03-29T11:19:44","guid":{"rendered":"http:\/\/www.palmaequipmentrental.com\/product\/cali-sunswatter-big-fabrics-2\/"},"modified":"2024-01-31T10:13:24","modified_gmt":"2024-01-31T10:13:24","slug":"cali-sunswatter-big-fabrics","status":"publish","type":"product","link":"https:\/\/palmaequipmentrental.com\/es\/photo-video-equipment-mallorca\/cali-sunswatter-big-fabrics\/","title":{"rendered":"Cali Sunswatter BIG Tela Difusora Full"},"content":{"rendered":"<p><strong>Tela difusora FULL de 1 paso completo para el marco California Sunswatter 6&#215;8&#8242; (180 x 245cm) BIG.<\/strong><\/p>\n<p>Fuerte reducci\u00f3n del contraste. Crea una luz b\u00e1sica muy suave, casi sin contraste. Bueno en combinaci\u00f3n con reflectores y como difusor de caja de luz.<\/p>\n<p>Blanco neutro sin blanqueador \u00f3ptico.<\/p>\n","protected":false},"excerpt":{"rendered":"<p>Tela difusora FULL de 1 paso completo para el marco California Sunswatter 6&#215;8&#8242; (180 x 245cm) BIG. Fuerte reducci\u00f3n del contraste. Crea una luz b\u00e1sica muy suave, casi sin contraste. Bueno en combinaci\u00f3n con reflectores y como difusor de caja de luz. Blanco neutro sin blanqueador \u00f3ptico.<\/p>\n","protected":false},"featured_media":5049,"template":"","meta":[],"product_cat":[285,284],"product_tag":[],"class_list":{"0":"post-3599","1":"product","2":"type-product","3":"status-publish","4":"has-post-thumbnail","6":"product_cat-sunswatter-2-es","7":"product_cat-sunswatter-es","9":"first","10":"instock","11":"shipping-taxable","12":"purchasable","13":"product-type-simple"},"_links":{"self":[{"href":"https:\/\/palmaequipmentrental.com\/es\/wp-json\/wp\/v2\/product\/3599","targetHints":{"allow":["GET"]}}],"collection":[{"href":"https:\/\/palmaequipmentrental.com\/es\/wp-json\/wp\/v2\/product"}],"about":[{"href":"https:\/\/palmaequipmentrental.com\/es\/wp-json\/wp\/v2\/types\/product"}],"wp:featuredmedia":[{"embeddable":true,"href":"https:\/\/palmaequipmentrental.com\/es\/wp-json\/wp\/v2\/media\/5049"}],"wp:attachment":[{"href":"https:\/\/palmaequipmentrental.com\/es\/wp-json\/wp\/v2\/media?parent=3599"}],"wp:term":[{"taxonomy":"product_cat","embeddable":true,"href":"https:\/\/palmaequipmentrental.com\/es\/wp-json\/wp\/v2\/product_cat?post=3599"},{"taxonomy":"product_tag","embeddable":true,"href":"https:\/\/palmaequipmentrental.com\/es\/wp-json\/wp\/v2\/product_tag?post=3599"}],"curies":[{"name":"wp","href":"https:\/\/api.w.org\/{rel}","templated":true}]}}