{"id":3639,"date":"2012-03-29T09:35:46","date_gmt":"2012-03-29T09:35:46","guid":{"rendered":"http:\/\/www.palmaequipmentrental.com\/product\/blonde-2k-2\/"},"modified":"2023-02-08T13:48:56","modified_gmt":"2023-02-08T13:48:56","slug":"blonde-2k","status":"publish","type":"product","link":"https:\/\/palmaequipmentrental.com\/es\/photo-video-equipment-mallorca\/blonde-2k\/","title":{"rendered":"ARRI Open Face 2000w"},"content":{"rendered":"<p><strong>Arri 2000w L\u00e1mpara de Tungsteno de Cara Abierta \u00abBlonde\u00bb.<\/strong><\/p>\n<p>Este foco de 2kw no tiene vidrio fresnel por lo tanto su alta salida de luz y propagaci\u00f3n es ideal para rebotar o crear difusi\u00f3n y proporciona una amplia cobertura de \u00e1rea.<\/p>\n","protected":false},"excerpt":{"rendered":"<p>Arri 2000w L\u00e1mpara de Tungsteno de Cara Abierta \u00abBlonde\u00bb. Este foco de 2kw no tiene vidrio fresnel por lo tanto su alta salida de luz y propagaci\u00f3n es ideal para rebotar o crear difusi\u00f3n y proporciona una amplia cobertura de \u00e1rea.<\/p>\n","protected":false},"featured_media":12591,"template":"","meta":[],"product_cat":[207,722],"product_tag":[],"class_list":{"0":"post-3639","1":"product","2":"type-product","3":"status-publish","4":"has-post-thumbnail","6":"product_cat-luz-tungsteno-luz-continua","7":"product_cat-luz-tungsteno","9":"first","10":"instock","11":"shipping-taxable","12":"purchasable","13":"product-type-simple"},"_links":{"self":[{"href":"https:\/\/palmaequipmentrental.com\/es\/wp-json\/wp\/v2\/product\/3639","targetHints":{"allow":["GET"]}}],"collection":[{"href":"https:\/\/palmaequipmentrental.com\/es\/wp-json\/wp\/v2\/product"}],"about":[{"href":"https:\/\/palmaequipmentrental.com\/es\/wp-json\/wp\/v2\/types\/product"}],"wp:featuredmedia":[{"embeddable":true,"href":"https:\/\/palmaequipmentrental.com\/es\/wp-json\/wp\/v2\/media\/12591"}],"wp:attachment":[{"href":"https:\/\/palmaequipmentrental.com\/es\/wp-json\/wp\/v2\/media?parent=3639"}],"wp:term":[{"taxonomy":"product_cat","embeddable":true,"href":"https:\/\/palmaequipmentrental.com\/es\/wp-json\/wp\/v2\/product_cat?post=3639"},{"taxonomy":"product_tag","embeddable":true,"href":"https:\/\/palmaequipmentrental.com\/es\/wp-json\/wp\/v2\/product_tag?post=3639"}],"curies":[{"name":"wp","href":"https:\/\/api.w.org\/{rel}","templated":true}]}}