{"id":3643,"date":"2012-03-26T15:44:56","date_gmt":"2012-03-26T15:44:56","guid":{"rendered":"http:\/\/www.palmaequipmentrental.com\/product\/kino-flo-2\/"},"modified":"2023-02-16T12:01:35","modified_gmt":"2023-02-16T12:01:35","slug":"kino-flo","status":"publish","type":"product","link":"https:\/\/palmaequipmentrental.com\/es\/photo-video-equipment-mallorca\/kino-flo\/","title":{"rendered":"Kino Flo 4ft 4 bank"},"content":{"rendered":"<p>Iluminaci\u00f3n fluorescente sin parpadeo con bombillas intercambiables de luz diurna y tungsteno.<\/p>\n<p>Una fuente de iluminaci\u00f3n vers\u00e1til tanto para im\u00e1genes fijas como en movimiento.<\/p>\n<p>Varios tama\u00f1os disponibles.<\/p>\n","protected":false},"excerpt":{"rendered":"<p>Iluminaci\u00f3n fluorescente sin parpadeo con bombillas intercambiables de luz diurna y tungsteno. Una fuente de iluminaci\u00f3n vers\u00e1til tanto para im\u00e1genes fijas como en movimiento. Varios tama\u00f1os disponibles.<\/p>\n","protected":false},"featured_media":12550,"template":"","meta":[],"product_cat":[234,233],"product_tag":[],"class_list":{"0":"post-3643","1":"product","2":"type-product","3":"status-publish","4":"has-post-thumbnail","6":"product_cat-luz-fluorescente-luz-continua","7":"product_cat-luz-fluorescente","9":"first","10":"instock","11":"shipping-taxable","12":"purchasable","13":"product-type-simple"},"_links":{"self":[{"href":"https:\/\/palmaequipmentrental.com\/es\/wp-json\/wp\/v2\/product\/3643","targetHints":{"allow":["GET"]}}],"collection":[{"href":"https:\/\/palmaequipmentrental.com\/es\/wp-json\/wp\/v2\/product"}],"about":[{"href":"https:\/\/palmaequipmentrental.com\/es\/wp-json\/wp\/v2\/types\/product"}],"wp:featuredmedia":[{"embeddable":true,"href":"https:\/\/palmaequipmentrental.com\/es\/wp-json\/wp\/v2\/media\/12550"}],"wp:attachment":[{"href":"https:\/\/palmaequipmentrental.com\/es\/wp-json\/wp\/v2\/media?parent=3643"}],"wp:term":[{"taxonomy":"product_cat","embeddable":true,"href":"https:\/\/palmaequipmentrental.com\/es\/wp-json\/wp\/v2\/product_cat?post=3643"},{"taxonomy":"product_tag","embeddable":true,"href":"https:\/\/palmaequipmentrental.com\/es\/wp-json\/wp\/v2\/product_tag?post=3643"}],"curies":[{"name":"wp","href":"https:\/\/api.w.org\/{rel}","templated":true}]}}