{"id":3647,"date":"2012-03-26T15:17:25","date_gmt":"2012-03-26T15:17:25","guid":{"rendered":"http:\/\/www.palmaequipmentrental.com\/product\/photoflex-blackwhite-30-umbrell-452012-03-26-15-24-36-2\/"},"modified":"2023-02-21T12:22:42","modified_gmt":"2023-02-21T12:22:42","slug":"photoflex-blackwhite-30-umbrell-452012-03-26-15-24-36","status":"publish","type":"product","link":"https:\/\/palmaequipmentrental.com\/es\/photo-video-equipment-mallorca\/photoflex-blackwhite-30-umbrell-452012-03-26-15-24-36\/","title":{"rendered":"Photoflex Paraguas Plata 30\u201d"},"content":{"rendered":"<p><strong>Paraguas Photoflex Plata 30 Peque\u00f1o 76cm<\/strong><\/p>\n<p>Interior plateado para una m\u00e1xima reflexi\u00f3n de la luz.<br \/>\nCuatro varillas m\u00f3viles hacen que este paraguas sea ajustable para alterar la forma del paraguas.<\/p>\n<ul>\n<li>Formas ajustables: Circular, cuadrada, oblonga<\/li>\n<li>Longitud del arco 35\u2033 (88,9cm)<\/li>\n<li>Ancho de punta a punta 30\u2033 (76,2cm)<\/li>\n<li>Longitud del eje: 48,90 cm (19,25&#8243;)<\/li>\n<li>Longitud plegada: 20\u2033 (50,8cm)<\/li>\n<li>Di\u00e1metro del eje: 8 mm<\/li>\n<\/ul>\n","protected":false},"excerpt":{"rendered":"<p>Paraguas Photoflex Plata 30 Peque\u00f1o 76cm Interior plateado para una m\u00e1xima reflexi\u00f3n de la luz. Cuatro varillas m\u00f3viles hacen que este paraguas sea ajustable para alterar la forma del paraguas. Formas ajustables: Circular, cuadrada, oblonga Longitud del arco 35\u2033 (88,9cm) Ancho de punta a punta 30\u2033 (76,2cm) Longitud del eje: 48,90 cm (19,25&#8243;) Longitud plegada: 20\u2033 (50,8cm) Di\u00e1metro del eje: [&hellip;]<\/p>\n","protected":false},"featured_media":12669,"template":"","meta":[],"product_cat":[194],"product_tag":[],"class_list":{"0":"post-3647","1":"product","2":"type-product","3":"status-publish","4":"has-post-thumbnail","6":"product_cat-paraguas","8":"first","9":"instock","10":"shipping-taxable","11":"purchasable","12":"product-type-simple"},"_links":{"self":[{"href":"https:\/\/palmaequipmentrental.com\/es\/wp-json\/wp\/v2\/product\/3647","targetHints":{"allow":["GET"]}}],"collection":[{"href":"https:\/\/palmaequipmentrental.com\/es\/wp-json\/wp\/v2\/product"}],"about":[{"href":"https:\/\/palmaequipmentrental.com\/es\/wp-json\/wp\/v2\/types\/product"}],"wp:featuredmedia":[{"embeddable":true,"href":"https:\/\/palmaequipmentrental.com\/es\/wp-json\/wp\/v2\/media\/12669"}],"wp:attachment":[{"href":"https:\/\/palmaequipmentrental.com\/es\/wp-json\/wp\/v2\/media?parent=3647"}],"wp:term":[{"taxonomy":"product_cat","embeddable":true,"href":"https:\/\/palmaequipmentrental.com\/es\/wp-json\/wp\/v2\/product_cat?post=3647"},{"taxonomy":"product_tag","embeddable":true,"href":"https:\/\/palmaequipmentrental.com\/es\/wp-json\/wp\/v2\/product_tag?post=3647"}],"curies":[{"name":"wp","href":"https:\/\/api.w.org\/{rel}","templated":true}]}}