{"id":3655,"date":"2012-03-26T15:17:25","date_gmt":"2012-03-26T15:17:25","guid":{"rendered":"http:\/\/www.palmaequipmentrental.com\/product\/umbrella-xl-silver-2\/"},"modified":"2024-01-26T13:42:45","modified_gmt":"2024-01-26T13:42:45","slug":"umbrella-xl-silver","status":"publish","type":"product","link":"https:\/\/palmaequipmentrental.com\/es\/photo-video-equipment-mallorca\/umbrella-xl-silver\/","title":{"rendered":"Profoto Paraguas Deep XL Plata"},"content":{"rendered":"<p>Descubre el Profoto Umbrella Deep XL Silver en Palma Equipment Rental, tu destino para equipos fotogr\u00e1ficos de primer nivel en Palma de Mallorca y m\u00e1s all\u00e1. Este paraguas premium, con un tama\u00f1o XL y un di\u00e1metro de 65&#8243;\/160 cm, es esencial para profesionales que buscan elevar sus configuraciones de iluminaci\u00f3n para sesiones de moda y publicidad. Su dise\u00f1o profundo y expansivo garantiza una luz notablemente suave y enfocada, perfecta tanto para aplicaciones fotogr\u00e1ficas como de video.<\/p>\n<p><strong>Detalles T\u00e9cnicos:<\/strong><\/p>\n<ul>\n<li>Tama\u00f1o XL con un di\u00e1metro de 65&#8243;\/160 cm, que ofrece una amplia cobertura de luz.<\/li>\n<li>Interior plateado para una mayor reflexi\u00f3n y difusi\u00f3n de la luz.<\/li>\n<li>Forma profunda: Mejora el control y el enfoque de la luz.<\/li>\n<li>Garantiza durabilidad y rendimiento constante.<\/li>\n<li>Funciona sin problemas con una variedad de cabezales de flash, incluyendo modelos de Profoto.<\/li>\n<\/ul>\n<p>Eleva la calidad de tu producci\u00f3n con Palma Equipment Rental. No somos solo un servicio de alquiler; somos tu socio creativo en las Islas Baleares y la Espa\u00f1a peninsular. Con nuestro amplio inventario de equipos profesionales, incluyendo el Profoto Umbrella Deep XL Silver, y nuestro compromiso con un servicio flexible y eficiente, estamos aqu\u00ed para apoyar tu visi\u00f3n las 24 horas del d\u00eda, los 7 d\u00edas de la semana. Sum\u00e9rgete en el mundo de equipos de alta calidad y un soporte sin igual con Palma Equipment Rental, donde tu visi\u00f3n creativa cobra vida.<\/p>\n","protected":false},"excerpt":{"rendered":"<p>Descubre el Profoto Umbrella Deep XL Silver en Palma Equipment Rental, tu destino para equipos fotogr\u00e1ficos de primer nivel en Palma de Mallorca y m\u00e1s all\u00e1. Este paraguas premium, con un tama\u00f1o XL y un di\u00e1metro de 65&#8243;\/160 cm, es esencial para profesionales que buscan elevar sus configuraciones de iluminaci\u00f3n para sesiones de moda y publicidad. Su dise\u00f1o profundo y [&hellip;]<\/p>\n","protected":false},"featured_media":12695,"template":"","meta":[],"product_cat":[194],"product_tag":[],"class_list":{"0":"post-3655","1":"product","2":"type-product","3":"status-publish","4":"has-post-thumbnail","6":"product_cat-paraguas","8":"first","9":"instock","10":"shipping-taxable","11":"purchasable","12":"product-type-simple"},"_links":{"self":[{"href":"https:\/\/palmaequipmentrental.com\/es\/wp-json\/wp\/v2\/product\/3655","targetHints":{"allow":["GET"]}}],"collection":[{"href":"https:\/\/palmaequipmentrental.com\/es\/wp-json\/wp\/v2\/product"}],"about":[{"href":"https:\/\/palmaequipmentrental.com\/es\/wp-json\/wp\/v2\/types\/product"}],"wp:featuredmedia":[{"embeddable":true,"href":"https:\/\/palmaequipmentrental.com\/es\/wp-json\/wp\/v2\/media\/12695"}],"wp:attachment":[{"href":"https:\/\/palmaequipmentrental.com\/es\/wp-json\/wp\/v2\/media?parent=3655"}],"wp:term":[{"taxonomy":"product_cat","embeddable":true,"href":"https:\/\/palmaequipmentrental.com\/es\/wp-json\/wp\/v2\/product_cat?post=3655"},{"taxonomy":"product_tag","embeddable":true,"href":"https:\/\/palmaequipmentrental.com\/es\/wp-json\/wp\/v2\/product_tag?post=3655"}],"curies":[{"name":"wp","href":"https:\/\/api.w.org\/{rel}","templated":true}]}}