{"id":3665,"date":"2012-03-26T14:50:30","date_gmt":"2012-03-26T14:50:30","guid":{"rendered":"http:\/\/www.palmaequipmentrental.com\/product\/1x4-medium-strip-2\/"},"modified":"2022-08-05T12:14:23","modified_gmt":"2022-08-05T12:14:23","slug":"1x4-medium-strip","status":"publish","type":"product","link":"https:\/\/palmaequipmentrental.com\/es\/photo-video-equipment-mallorca\/1x4-medium-strip\/","title":{"rendered":"Softbox 1\u00d74\u2032 RFi"},"content":{"rendered":"<p>Ventana alargada de 30 x 120cm (1&#215;4&#8242;) incluye Speedring, y telas difusoras interior y exterior.<\/p>\n<p>Las Softboxes Strip a menudo se utilizan como luces de contorno para diferenciar al sujeto del fondo de manera efectiva. Tambi\u00e9n son las favoritas de los fot\u00f3grafos de productos que requieren un reflejo largo y estrecho con bordes suaves. Adem\u00e1s, son un activo muy interesante cuando se fotograf\u00eda en un \u00e1rea reducida.<\/p>\n","protected":false},"excerpt":{"rendered":"<p>Ventana alargada de 30 x 120cm (1&#215;4&#8242;) incluye Speedring, y telas difusoras interior y exterior. Las Softboxes Strip a menudo se utilizan como luces de contorno para diferenciar al sujeto del fondo de manera efectiva. Tambi\u00e9n son las favoritas de los fot\u00f3grafos de productos que requieren un reflejo largo y estrecho con bordes suaves. Adem\u00e1s, son un activo muy interesante [&hellip;]<\/p>\n","protected":false},"featured_media":8730,"template":"","meta":[],"product_cat":[235],"product_tag":[],"class_list":{"0":"post-3665","1":"product","2":"type-product","3":"status-publish","4":"has-post-thumbnail","6":"product_cat-ventanas-softboxes","8":"first","9":"instock","10":"shipping-taxable","11":"purchasable","12":"product-type-simple"},"_links":{"self":[{"href":"https:\/\/palmaequipmentrental.com\/es\/wp-json\/wp\/v2\/product\/3665","targetHints":{"allow":["GET"]}}],"collection":[{"href":"https:\/\/palmaequipmentrental.com\/es\/wp-json\/wp\/v2\/product"}],"about":[{"href":"https:\/\/palmaequipmentrental.com\/es\/wp-json\/wp\/v2\/types\/product"}],"wp:featuredmedia":[{"embeddable":true,"href":"https:\/\/palmaequipmentrental.com\/es\/wp-json\/wp\/v2\/media\/8730"}],"wp:attachment":[{"href":"https:\/\/palmaequipmentrental.com\/es\/wp-json\/wp\/v2\/media?parent=3665"}],"wp:term":[{"taxonomy":"product_cat","embeddable":true,"href":"https:\/\/palmaequipmentrental.com\/es\/wp-json\/wp\/v2\/product_cat?post=3665"},{"taxonomy":"product_tag","embeddable":true,"href":"https:\/\/palmaequipmentrental.com\/es\/wp-json\/wp\/v2\/product_tag?post=3665"}],"curies":[{"name":"wp","href":"https:\/\/api.w.org\/{rel}","templated":true}]}}