{"id":3673,"date":"2012-03-26T14:50:30","date_gmt":"2012-03-26T14:50:30","guid":{"rendered":"http:\/\/www.palmaequipmentrental.com\/product\/2x3-small-softbox-2\/"},"modified":"2023-10-11T14:57:44","modified_gmt":"2023-10-11T14:57:44","slug":"2x3-small-softbox","status":"publish","type":"product","link":"https:\/\/palmaequipmentrental.com\/es\/photo-video-equipment-mallorca\/2x3-small-softbox\/","title":{"rendered":"Profoto Ventana RF 60x90cm (2&#215;3&#8242;)"},"content":{"rendered":"<p>Profoto Ventana Softbox 60 x 90 cm (2&#215;3&#8242;). Incluye adaptador speedring y telas de difusi\u00f3n interior y exterior.<\/p>\n<p>Tama\u00f1o muy vers\u00e1til adecuado para muchas aplicaciones dentro y fuera del estudio.<\/p>\n<h3 class=\"tab__content-subtitle\">Caracter\u00edsticas<\/h3>\n<ul>\n<li>Crea una luz suave y favorecedora.<\/li>\n<li>Es resistente al calor para su uso con flashes y con focos de luz continua.<\/li>\n<li>Presenta un frontal rebajado para lograr un control preciso.<\/li>\n<li>Difusores de doble capa y una superficie interior plateada altamente reflectante.<\/li>\n<li>Elaborada con tejidos de alta calidad, garantiza que la softbox puede resistir incluso en los entornos de trabajo m\u00e1s dif\u00edciles.<\/li>\n<li>Las sujeciones de Velcro permiten montarla y desmontarla sin problemas.<\/li>\n<li>Se ha dise\u00f1ado para durar muchos a\u00f1os con un uso diario.<\/li>\n<\/ul>\n<p><span style=\"color: #4a4849;\">\u00a0<\/span><\/p>\n","protected":false},"excerpt":{"rendered":"<p>Profoto Ventana Softbox 60 x 90 cm (2&#215;3&#8242;). Incluye adaptador speedring y telas de difusi\u00f3n interior y exterior. Tama\u00f1o muy vers\u00e1til adecuado para muchas aplicaciones dentro y fuera del estudio. Caracter\u00edsticas Crea una luz suave y favorecedora. Es resistente al calor para su uso con flashes y con focos de luz continua. Presenta un frontal rebajado para lograr un control [&hellip;]<\/p>\n","protected":false},"featured_media":9425,"template":"","meta":[],"product_cat":[235],"product_tag":[],"class_list":{"0":"post-3673","1":"product","2":"type-product","3":"status-publish","4":"has-post-thumbnail","6":"product_cat-ventanas-softboxes","8":"first","9":"instock","10":"shipping-taxable","11":"purchasable","12":"product-type-simple"},"_links":{"self":[{"href":"https:\/\/palmaequipmentrental.com\/es\/wp-json\/wp\/v2\/product\/3673","targetHints":{"allow":["GET"]}}],"collection":[{"href":"https:\/\/palmaequipmentrental.com\/es\/wp-json\/wp\/v2\/product"}],"about":[{"href":"https:\/\/palmaequipmentrental.com\/es\/wp-json\/wp\/v2\/types\/product"}],"wp:featuredmedia":[{"embeddable":true,"href":"https:\/\/palmaequipmentrental.com\/es\/wp-json\/wp\/v2\/media\/9425"}],"wp:attachment":[{"href":"https:\/\/palmaequipmentrental.com\/es\/wp-json\/wp\/v2\/media?parent=3673"}],"wp:term":[{"taxonomy":"product_cat","embeddable":true,"href":"https:\/\/palmaequipmentrental.com\/es\/wp-json\/wp\/v2\/product_cat?post=3673"},{"taxonomy":"product_tag","embeddable":true,"href":"https:\/\/palmaequipmentrental.com\/es\/wp-json\/wp\/v2\/product_tag?post=3673"}],"curies":[{"name":"wp","href":"https:\/\/api.w.org\/{rel}","templated":true}]}}