{"id":3675,"date":"2012-03-26T14:50:30","date_gmt":"2012-03-26T14:50:30","guid":{"rendered":"http:\/\/www.palmaequipmentrental.com\/product\/13x2-small-softbox-2\/"},"modified":"2022-08-05T12:14:24","modified_gmt":"2022-08-05T12:14:24","slug":"13x2-small-softbox","status":"publish","type":"product","link":"https:\/\/palmaequipmentrental.com\/es\/photo-video-equipment-mallorca\/13x2-small-softbox\/","title":{"rendered":"Softbox 1.3&#215;2&#8242; RF (30x40cm)"},"content":{"rendered":"<p>Softbox extra peque\u00f1o de 30 x 40 cm que incluye adaptador speedring y telas de difusi\u00f3n interior y exterior.<\/p>\n<p>Para retratos, bodas, fotograf\u00eda editorial y de producto. \u00a0Ideal para el uso a mano.<\/p>\n","protected":false},"excerpt":{"rendered":"<p>Softbox extra peque\u00f1o de 30 x 40 cm que incluye adaptador speedring y telas de difusi\u00f3n interior y exterior. Para retratos, bodas, fotograf\u00eda editorial y de producto. \u00a0Ideal para el uso a mano.<\/p>\n","protected":false},"featured_media":4889,"template":"","meta":[],"product_cat":[235],"product_tag":[],"class_list":{"0":"post-3675","1":"product","2":"type-product","3":"status-publish","4":"has-post-thumbnail","6":"product_cat-ventanas-softboxes","8":"first","9":"instock","10":"shipping-taxable","11":"purchasable","12":"product-type-simple"},"_links":{"self":[{"href":"https:\/\/palmaequipmentrental.com\/es\/wp-json\/wp\/v2\/product\/3675","targetHints":{"allow":["GET"]}}],"collection":[{"href":"https:\/\/palmaequipmentrental.com\/es\/wp-json\/wp\/v2\/product"}],"about":[{"href":"https:\/\/palmaequipmentrental.com\/es\/wp-json\/wp\/v2\/types\/product"}],"wp:featuredmedia":[{"embeddable":true,"href":"https:\/\/palmaequipmentrental.com\/es\/wp-json\/wp\/v2\/media\/4889"}],"wp:attachment":[{"href":"https:\/\/palmaequipmentrental.com\/es\/wp-json\/wp\/v2\/media?parent=3675"}],"wp:term":[{"taxonomy":"product_cat","embeddable":true,"href":"https:\/\/palmaequipmentrental.com\/es\/wp-json\/wp\/v2\/product_cat?post=3675"},{"taxonomy":"product_tag","embeddable":true,"href":"https:\/\/palmaequipmentrental.com\/es\/wp-json\/wp\/v2\/product_tag?post=3675"}],"curies":[{"name":"wp","href":"https:\/\/api.w.org\/{rel}","templated":true}]}}