{"id":3677,"date":"2012-03-26T14:45:03","date_gmt":"2012-03-26T14:45:03","guid":{"rendered":"http:\/\/www.palmaequipmentrental.com\/product\/magnum-grid-2\/"},"modified":"2023-02-10T13:49:33","modified_gmt":"2023-02-10T13:49:33","slug":"magnum-grid","status":"publish","type":"product","link":"https:\/\/palmaequipmentrental.com\/es\/photo-video-equipment-mallorca\/magnum-grid\/","title":{"rendered":"Grid Magnum Reflector"},"content":{"rendered":"<p><strong>Grid 10\u00b0 337 mm para\u00a0reflector Magnum.<\/strong><\/p>\n<ul>\n<li>Con rejilla tipo panal de abeja.<\/li>\n<li>Se utiliza para incrementar el control de la luz.<\/li>\n<li>Compatible con el Magnum Reflector, el TeleZoom Reflector o el NarrowBeam Reflector.<\/li>\n<\/ul>\n<p>Los grids son accesorios f\u00e1ciles de utilizar, dise\u00f1ados para controlar la difusi\u00f3n de la luz y aportar contraste y dramatismo a la imagen final. Con un grid acoplado resulta f\u00e1cil controlar y enfocar la luz donde quieras, al mismo tiempo que se limita la dispersi\u00f3n de la luz por otras zonas de la imagen.\u00a0Se puede utilizar para modelar la luz principal, crear efectos de fondo en los retratos o acentuar las zonas iluminadas en la fotograf\u00eda de naturaleza muerta, entre otras muchas aplicaciones.<\/p>\n","protected":false},"excerpt":{"rendered":"<p>Grid 10\u00b0 337 mm para\u00a0reflector Magnum. Con rejilla tipo panal de abeja. Se utiliza para incrementar el control de la luz. Compatible con el Magnum Reflector, el TeleZoom Reflector o el NarrowBeam Reflector. Los grids son accesorios f\u00e1ciles de utilizar, dise\u00f1ados para controlar la difusi\u00f3n de la luz y aportar contraste y dramatismo a la imagen final. Con un grid [&hellip;]<\/p>\n","protected":false},"featured_media":12452,"template":"","meta":[],"product_cat":[785],"product_tag":[],"class_list":{"0":"post-3677","1":"product","2":"type-product","3":"status-publish","4":"has-post-thumbnail","6":"product_cat-pro-modeladores-de-luz","8":"first","9":"instock","10":"shipping-taxable","11":"purchasable","12":"product-type-simple"},"_links":{"self":[{"href":"https:\/\/palmaequipmentrental.com\/es\/wp-json\/wp\/v2\/product\/3677","targetHints":{"allow":["GET"]}}],"collection":[{"href":"https:\/\/palmaequipmentrental.com\/es\/wp-json\/wp\/v2\/product"}],"about":[{"href":"https:\/\/palmaequipmentrental.com\/es\/wp-json\/wp\/v2\/types\/product"}],"wp:featuredmedia":[{"embeddable":true,"href":"https:\/\/palmaequipmentrental.com\/es\/wp-json\/wp\/v2\/media\/12452"}],"wp:attachment":[{"href":"https:\/\/palmaequipmentrental.com\/es\/wp-json\/wp\/v2\/media?parent=3677"}],"wp:term":[{"taxonomy":"product_cat","embeddable":true,"href":"https:\/\/palmaequipmentrental.com\/es\/wp-json\/wp\/v2\/product_cat?post=3677"},{"taxonomy":"product_tag","embeddable":true,"href":"https:\/\/palmaequipmentrental.com\/es\/wp-json\/wp\/v2\/product_tag?post=3677"}],"curies":[{"name":"wp","href":"https:\/\/api.w.org\/{rel}","templated":true}]}}