{"id":3684,"date":"2012-03-26T14:38:42","date_gmt":"2012-03-26T14:38:42","guid":{"rendered":"http:\/\/www.palmaequipmentrental.com\/product\/pro-snoot-2\/"},"modified":"2022-08-05T12:14:25","modified_gmt":"2022-08-05T12:14:25","slug":"pro-snoot","status":"publish","type":"product","link":"https:\/\/palmaequipmentrental.com\/es\/photo-video-equipment-mallorca\/pro-snoot\/","title":{"rendered":"Pro Snoot"},"content":{"rendered":"<p>Utilizado con el reflector de <strong>zoom est\u00e1ndar, se requiere una rejilla y un soporte de filtro.<\/strong><\/p>\n<p>El Snoot es un modificador de luz que se utiliza con un Zoom Reflector para reducir dr\u00e1sticamente la dispersi\u00f3n de la luz. El efecto es una luz n\u00edtida y directa, casi sin derrame de luz. La luz tiene una hermosa forma redonda que puede ser utilizada como luz para el cabello o cualquier otra aplicaci\u00f3n cuando s\u00f3lo se necesita iluminar un \u00e1rea peque\u00f1a.<\/p>\n<p>Utiliza la rejilla y el portafiltros para acoplar el Snoot a tu reflector de zoom, y voil\u00e0, tendr\u00e1s un potente foco a tu disposici\u00f3n. Muchos fot\u00f3grafos lo utilizan para crear reflejos llamativos en sus retratos o para fotograf\u00edas de productos con detalles minuciosos.<\/p>\n<p><strong>Caracter\u00edsticas<\/strong><\/p>\n<ul>\n<li>Estrecha la luz y crea una luz directa y n\u00edtida.<\/li>\n<li>Crea una forma circular perfecta de luz.<\/li>\n<li>Compacto y f\u00e1cil de usar.<\/li>\n<\/ul>\n","protected":false},"excerpt":{"rendered":"<p>Utilizado con el reflector de zoom est\u00e1ndar, se requiere una rejilla y un soporte de filtro. El Snoot es un modificador de luz que se utiliza con un Zoom Reflector para reducir dr\u00e1sticamente la dispersi\u00f3n de la luz. El efecto es una luz n\u00edtida y directa, casi sin derrame de luz. La luz tiene una hermosa forma redonda que puede [&hellip;]<\/p>\n","protected":false},"featured_media":9416,"template":"","meta":[],"product_cat":[785],"product_tag":[],"class_list":{"0":"post-3684","1":"product","2":"type-product","3":"status-publish","4":"has-post-thumbnail","6":"product_cat-pro-modeladores-de-luz","8":"first","9":"instock","10":"shipping-taxable","11":"purchasable","12":"product-type-simple"},"_links":{"self":[{"href":"https:\/\/palmaequipmentrental.com\/es\/wp-json\/wp\/v2\/product\/3684","targetHints":{"allow":["GET"]}}],"collection":[{"href":"https:\/\/palmaequipmentrental.com\/es\/wp-json\/wp\/v2\/product"}],"about":[{"href":"https:\/\/palmaequipmentrental.com\/es\/wp-json\/wp\/v2\/types\/product"}],"wp:featuredmedia":[{"embeddable":true,"href":"https:\/\/palmaequipmentrental.com\/es\/wp-json\/wp\/v2\/media\/9416"}],"wp:attachment":[{"href":"https:\/\/palmaequipmentrental.com\/es\/wp-json\/wp\/v2\/media?parent=3684"}],"wp:term":[{"taxonomy":"product_cat","embeddable":true,"href":"https:\/\/palmaequipmentrental.com\/es\/wp-json\/wp\/v2\/product_cat?post=3684"},{"taxonomy":"product_tag","embeddable":true,"href":"https:\/\/palmaequipmentrental.com\/es\/wp-json\/wp\/v2\/product_tag?post=3684"}],"curies":[{"name":"wp","href":"https:\/\/api.w.org\/{rel}","templated":true}]}}