{"id":3686,"date":"2012-03-26T14:29:58","date_gmt":"2012-03-26T14:29:58","guid":{"rendered":"http:\/\/www.palmaequipmentrental.com\/product\/profoto-beauty-dish-white-2\/"},"modified":"2024-01-16T17:03:37","modified_gmt":"2024-01-16T17:03:37","slug":"profoto-beauty-dish-white","status":"publish","type":"product","link":"https:\/\/palmaequipmentrental.com\/es\/photo-video-equipment-mallorca\/profoto-beauty-dish-white\/","title":{"rendered":"Profoto Beauty Dish Blanco + Rejilla"},"content":{"rendered":"<p>Nuestro <strong>Profoto Beauty Dish Blanco<\/strong> incluye una rejilla de panal de 10\u00ba.<\/p>\n<p>Este reflector Beauty Softlight blanco, conocido como \u00abThe Beauty Dish\u00bb, proporciona una luz suave pero direccional.<\/p>\n<p>Pensado para proporcionar una iluminaci\u00f3n de car\u00e1cter en la fotograf\u00eda de retrato y belleza, el Softlight es magn\u00edfico para una amplia variedad de usos, desde la fotograf\u00eda de producto hasta los estudios arquitect\u00f3nicos o medioambientales. \u00a0Adem\u00e1s, es una alternativa distintiva a las cajas de luz ampliamente utilizadas. \u00a0La iluminaci\u00f3n de car\u00e1cter se refiere a una fuente de luz que se coloca cerca del sujeto. \u00a0Es uno de los reflectores m\u00e1s populares &#8211; por una buena raz\u00f3n.<\/p>\n<ul>\n<li>Di\u00e1metro 52,50cm.<\/li>\n<li>Dispersi\u00f3n de la luz 65 grados.<\/li>\n<\/ul>\n","protected":false},"excerpt":{"rendered":"<p>Nuestro Profoto Beauty Dish Blanco incluye una rejilla de panal de 10\u00ba. Este reflector Beauty Softlight blanco, conocido como \u00abThe Beauty Dish\u00bb, proporciona una luz suave pero direccional. Pensado para proporcionar una iluminaci\u00f3n de car\u00e1cter en la fotograf\u00eda de retrato y belleza, el Softlight es magn\u00edfico para una amplia variedad de usos, desde la fotograf\u00eda de producto hasta los estudios [&hellip;]<\/p>\n","protected":false},"featured_media":5753,"template":"","meta":[],"product_cat":[785],"product_tag":[],"class_list":{"0":"post-3686","1":"product","2":"type-product","3":"status-publish","4":"has-post-thumbnail","6":"product_cat-pro-modeladores-de-luz","8":"first","9":"instock","10":"shipping-taxable","11":"purchasable","12":"product-type-simple"},"_links":{"self":[{"href":"https:\/\/palmaequipmentrental.com\/es\/wp-json\/wp\/v2\/product\/3686","targetHints":{"allow":["GET"]}}],"collection":[{"href":"https:\/\/palmaequipmentrental.com\/es\/wp-json\/wp\/v2\/product"}],"about":[{"href":"https:\/\/palmaequipmentrental.com\/es\/wp-json\/wp\/v2\/types\/product"}],"wp:featuredmedia":[{"embeddable":true,"href":"https:\/\/palmaequipmentrental.com\/es\/wp-json\/wp\/v2\/media\/5753"}],"wp:attachment":[{"href":"https:\/\/palmaequipmentrental.com\/es\/wp-json\/wp\/v2\/media?parent=3686"}],"wp:term":[{"taxonomy":"product_cat","embeddable":true,"href":"https:\/\/palmaequipmentrental.com\/es\/wp-json\/wp\/v2\/product_cat?post=3686"},{"taxonomy":"product_tag","embeddable":true,"href":"https:\/\/palmaequipmentrental.com\/es\/wp-json\/wp\/v2\/product_tag?post=3686"}],"curies":[{"name":"wp","href":"https:\/\/api.w.org\/{rel}","templated":true}]}}