{"id":3692,"date":"2012-03-26T14:29:58","date_gmt":"2012-03-26T14:29:58","guid":{"rendered":"http:\/\/www.palmaequipmentrental.com\/product\/pro-7-giant-reflector-2\/"},"modified":"2024-01-16T18:33:08","modified_gmt":"2024-01-16T18:33:08","slug":"pro-7-giant-reflector","status":"publish","type":"product","link":"https:\/\/palmaequipmentrental.com\/es\/photo-video-equipment-mallorca\/pro-7-giant-reflector\/","title":{"rendered":"Profoto 7&#8242; Giant Reflector"},"content":{"rendered":"<p>Reflector vers\u00e1til con 210 cm (7&#8242;) de di\u00e1metro para crear una luz brillante en el estudio y en exteriores y ofrecerle la combinaci\u00f3n \u00fanica de una luz suave y reflejos brillantes &#8211; lo suficientemente grande como para iluminar de 1 a 3 personas, pero al mismo tiempo manejable para facilitar su transporte y montaje.<\/p>\n<p>Ideal para fot\u00f3grafos personales y de belleza.<\/p>\n<p><span style=\"font-family: Arial, sans-serif;\">\u00a0<\/span><\/p>\n<p>&nbsp;<\/p>\n<p><!--EndFragment--><\/p>\n<p>&nbsp;<\/p>\n<p>&nbsp;<\/p>\n<p>&nbsp;<\/p>\n<p>&nbsp;<\/p>\n<p><span style=\"line-height: normal;\">\u00a0<\/span><\/p>\n<p>&nbsp;<\/p>\n<p>&nbsp;<\/p>\n<div class=\"span-10 img-div-area\" style=\"margin: 0px 10px 0px 0px; padding: 0px 0px 10px; font-family: 'Helvetica Neue', Arial, Helvetica, sans-serif; vertical-align: baseline; width: 390px; min-height: 420px; float: left;\">\n<p><span style=\"color: #4a4849;\">\u00a0<\/span><\/p>\n<\/div>\n","protected":false},"excerpt":{"rendered":"<p>Reflector vers\u00e1til con 210 cm (7&#8242;) de di\u00e1metro para crear una luz brillante en el estudio y en exteriores y ofrecerle la combinaci\u00f3n \u00fanica de una luz suave y reflejos brillantes &#8211; lo suficientemente grande como para iluminar de 1 a 3 personas, pero al mismo tiempo manejable para facilitar su transporte y montaje. Ideal para fot\u00f3grafos personales y de [&hellip;]<\/p>\n","protected":false},"featured_media":10554,"template":"","meta":[],"product_cat":[194],"product_tag":[],"class_list":{"0":"post-3692","1":"product","2":"type-product","3":"status-publish","4":"has-post-thumbnail","6":"product_cat-paraguas","8":"first","9":"instock","10":"shipping-taxable","11":"purchasable","12":"product-type-simple"},"_links":{"self":[{"href":"https:\/\/palmaequipmentrental.com\/es\/wp-json\/wp\/v2\/product\/3692","targetHints":{"allow":["GET"]}}],"collection":[{"href":"https:\/\/palmaequipmentrental.com\/es\/wp-json\/wp\/v2\/product"}],"about":[{"href":"https:\/\/palmaequipmentrental.com\/es\/wp-json\/wp\/v2\/types\/product"}],"wp:featuredmedia":[{"embeddable":true,"href":"https:\/\/palmaequipmentrental.com\/es\/wp-json\/wp\/v2\/media\/10554"}],"wp:attachment":[{"href":"https:\/\/palmaequipmentrental.com\/es\/wp-json\/wp\/v2\/media?parent=3692"}],"wp:term":[{"taxonomy":"product_cat","embeddable":true,"href":"https:\/\/palmaequipmentrental.com\/es\/wp-json\/wp\/v2\/product_cat?post=3692"},{"taxonomy":"product_tag","embeddable":true,"href":"https:\/\/palmaequipmentrental.com\/es\/wp-json\/wp\/v2\/product_tag?post=3692"}],"curies":[{"name":"wp","href":"https:\/\/api.w.org\/{rel}","templated":true}]}}