{"id":3694,"date":"2012-03-26T14:29:58","date_gmt":"2012-03-26T14:29:58","guid":{"rendered":"http:\/\/www.palmaequipmentrental.com\/product\/proglobe-2\/"},"modified":"2022-08-05T12:14:27","modified_gmt":"2022-08-05T12:14:27","slug":"proglobe","status":"publish","type":"product","link":"https:\/\/palmaequipmentrental.com\/es\/photo-video-equipment-mallorca\/proglobe\/","title":{"rendered":"ProGlobe"},"content":{"rendered":"<p>El ProGlobe -tambi\u00e9n conocido como \u00ablinterna china\u00bb- proporciona una luz envolvente, similar al efecto de una bombilla desnuda o, si se monta en alto, como una fuente de luz de calle. \u00a0Tambi\u00e9n puede utilizarse como iluminaci\u00f3n de fondo o colocarse debajo de una mesa de fotograf\u00eda. \u00a0Si se utiliza en combinaci\u00f3n con una Softbox, la distribuci\u00f3n de la luz se vuelve muy suave.<\/p>\n","protected":false},"excerpt":{"rendered":"<p>El ProGlobe -tambi\u00e9n conocido como \u00ablinterna china\u00bb- proporciona una luz envolvente, similar al efecto de una bombilla desnuda o, si se monta en alto, como una fuente de luz de calle. \u00a0Tambi\u00e9n puede utilizarse como iluminaci\u00f3n de fondo o colocarse debajo de una mesa de fotograf\u00eda. \u00a0Si se utiliza en combinaci\u00f3n con una Softbox, la distribuci\u00f3n de la luz se [&hellip;]<\/p>\n","protected":false},"featured_media":5755,"template":"","meta":[],"product_cat":[785],"product_tag":[],"class_list":{"0":"post-3694","1":"product","2":"type-product","3":"status-publish","4":"has-post-thumbnail","6":"product_cat-pro-modeladores-de-luz","8":"first","9":"instock","10":"shipping-taxable","11":"purchasable","12":"product-type-simple"},"_links":{"self":[{"href":"https:\/\/palmaequipmentrental.com\/es\/wp-json\/wp\/v2\/product\/3694","targetHints":{"allow":["GET"]}}],"collection":[{"href":"https:\/\/palmaequipmentrental.com\/es\/wp-json\/wp\/v2\/product"}],"about":[{"href":"https:\/\/palmaequipmentrental.com\/es\/wp-json\/wp\/v2\/types\/product"}],"wp:featuredmedia":[{"embeddable":true,"href":"https:\/\/palmaequipmentrental.com\/es\/wp-json\/wp\/v2\/media\/5755"}],"wp:attachment":[{"href":"https:\/\/palmaequipmentrental.com\/es\/wp-json\/wp\/v2\/media?parent=3694"}],"wp:term":[{"taxonomy":"product_cat","embeddable":true,"href":"https:\/\/palmaequipmentrental.com\/es\/wp-json\/wp\/v2\/product_cat?post=3694"},{"taxonomy":"product_tag","embeddable":true,"href":"https:\/\/palmaequipmentrental.com\/es\/wp-json\/wp\/v2\/product_tag?post=3694"}],"curies":[{"name":"wp","href":"https:\/\/api.w.org\/{rel}","templated":true}]}}