{"id":3698,"date":"2012-03-26T14:29:58","date_gmt":"2012-03-26T14:29:58","guid":{"rendered":"http:\/\/www.palmaequipmentrental.com\/product\/pro-fresnel-spot-30cm-2\/"},"modified":"2023-10-11T15:01:02","modified_gmt":"2023-10-11T15:01:02","slug":"pro-fresnel-spot-30cm","status":"publish","type":"product","link":"https:\/\/palmaequipmentrental.com\/es\/photo-video-equipment-mallorca\/pro-fresnel-spot-30cm\/","title":{"rendered":"Profoto Fresnel Spot 30cm"},"content":{"rendered":"<p>Nuestro Profoto Fresnel Spot de 30cm de diametro incluye\u00a0 Barndoor con\u00a0cuatro viseras.<\/p>\n<p>El ProFresnel Spot es una enorme Fresnel Lens que se puede montar directamente sobre cualquier antorcha de Profoto. Al ser una lente Fresnel, crea lo que se podr\u00eda describir como la t\u00edpica luz de pel\u00edcula con una difusi\u00f3n de la luz dirigida, de orientaci\u00f3n casi horizontal, que resulta perfecta para la fotograf\u00eda de productos y de moda.<\/p>\n<p><span style=\"font-family: 'Helvetica Neue', Arial, Helvetica, sans-serif; color: #4a4849;\">\u00a0<\/span><\/p>\n<p><!--EndFragment--><\/p>\n<p><span style=\"line-height: normal;\">\u00a0<\/span><\/p>\n<div class=\"span-10 img-div-area\" style=\"margin: 0px 10px 0px 0px; padding: 0px 0px 10px; font-family: 'Helvetica Neue', Arial, Helvetica, sans-serif; vertical-align: baseline; width: 390px; min-height: 420px; float: left;\">\n<p><span style=\"color: #4a4849;\">\u00a0<\/span><\/p>\n<\/div>\n","protected":false},"excerpt":{"rendered":"<p>Nuestro Profoto Fresnel Spot de 30cm de diametro incluye\u00a0 Barndoor con\u00a0cuatro viseras. El ProFresnel Spot es una enorme Fresnel Lens que se puede montar directamente sobre cualquier antorcha de Profoto. Al ser una lente Fresnel, crea lo que se podr\u00eda describir como la t\u00edpica luz de pel\u00edcula con una difusi\u00f3n de la luz dirigida, de orientaci\u00f3n casi horizontal, que resulta [&hellip;]<\/p>\n","protected":false},"featured_media":13837,"template":"","meta":[],"product_cat":[785],"product_tag":[],"class_list":{"0":"post-3698","1":"product","2":"type-product","3":"status-publish","4":"has-post-thumbnail","6":"product_cat-pro-modeladores-de-luz","8":"first","9":"instock","10":"shipping-taxable","11":"purchasable","12":"product-type-simple"},"_links":{"self":[{"href":"https:\/\/palmaequipmentrental.com\/es\/wp-json\/wp\/v2\/product\/3698","targetHints":{"allow":["GET"]}}],"collection":[{"href":"https:\/\/palmaequipmentrental.com\/es\/wp-json\/wp\/v2\/product"}],"about":[{"href":"https:\/\/palmaequipmentrental.com\/es\/wp-json\/wp\/v2\/types\/product"}],"wp:featuredmedia":[{"embeddable":true,"href":"https:\/\/palmaequipmentrental.com\/es\/wp-json\/wp\/v2\/media\/13837"}],"wp:attachment":[{"href":"https:\/\/palmaequipmentrental.com\/es\/wp-json\/wp\/v2\/media?parent=3698"}],"wp:term":[{"taxonomy":"product_cat","embeddable":true,"href":"https:\/\/palmaequipmentrental.com\/es\/wp-json\/wp\/v2\/product_cat?post=3698"},{"taxonomy":"product_tag","embeddable":true,"href":"https:\/\/palmaequipmentrental.com\/es\/wp-json\/wp\/v2\/product_tag?post=3698"}],"curies":[{"name":"wp","href":"https:\/\/api.w.org\/{rel}","templated":true}]}}