{"id":3712,"date":"2012-03-23T10:00:23","date_gmt":"2012-03-23T10:00:23","guid":{"rendered":"http:\/\/www.palmaequipmentrental.com\/product\/pro-ring2-2\/"},"modified":"2024-01-16T18:43:04","modified_gmt":"2024-01-16T18:43:04","slug":"pro-ring2","status":"publish","type":"product","link":"https:\/\/palmaequipmentrental.com\/es\/photo-video-equipment-mallorca\/pro-ring2\/","title":{"rendered":"Profoto ProRing2"},"content":{"rendered":"<p>Nuestro Pro Ring2 incluye Pro Ring Flash Reflector.<\/p>\n<p>El ProRing 2 Plus es la opci\u00f3n de los fot\u00f3grafos de moda que desean una luz de modelado directa y visible, pero sin irregularidades. Adem\u00e1s, al estar equipado con luz de modelado y un ventilador integrado, resulta ideal para ampliar las oportunidades de disparo.<\/p>\n<h3 class=\"tab__content-subtitle\">Caracter\u00edsticas<\/h3>\n<ul>\n<li>Se puede montar en un soporte o directamente en la c\u00e1mara.<\/li>\n<li>Crea una luz directa sin irregularidades.<\/li>\n<li>Crea un reflejo ocular inimitable.<\/li>\n<li>Flash de tubo reductor de los rayos ultravioleta y conector a prueba de arco.<\/li>\n<li>Potente luz de modelado de 200\u00a0W.<\/li>\n<li>El ventilador con control de temperatura mantiene el cabezal y los accesorios fr\u00edos incluso durante el uso intensivo.<\/li>\n<li>Dise\u00f1ado para soportar a\u00f1os de uso intensivo.<\/li>\n<li>Compatible con varias Light Shaping Tools espec\u00edficas<\/li>\n<\/ul>\n<p><strong>\u00a0<\/strong><\/p>\n","protected":false},"excerpt":{"rendered":"<p>Nuestro Pro Ring2 incluye Pro Ring Flash Reflector. El ProRing 2 Plus es la opci\u00f3n de los fot\u00f3grafos de moda que desean una luz de modelado directa y visible, pero sin irregularidades. Adem\u00e1s, al estar equipado con luz de modelado y un ventilador integrado, resulta ideal para ampliar las oportunidades de disparo. Caracter\u00edsticas Se puede montar en un soporte o [&hellip;]<\/p>\n","protected":false},"featured_media":11836,"template":"","meta":[],"product_cat":[195],"product_tag":[],"class_list":{"0":"post-3712","1":"product","2":"type-product","3":"status-publish","4":"has-post-thumbnail","6":"product_cat-flash-heads-es","8":"first","9":"instock","10":"shipping-taxable","11":"purchasable","12":"product-type-simple"},"_links":{"self":[{"href":"https:\/\/palmaequipmentrental.com\/es\/wp-json\/wp\/v2\/product\/3712","targetHints":{"allow":["GET"]}}],"collection":[{"href":"https:\/\/palmaequipmentrental.com\/es\/wp-json\/wp\/v2\/product"}],"about":[{"href":"https:\/\/palmaequipmentrental.com\/es\/wp-json\/wp\/v2\/types\/product"}],"wp:featuredmedia":[{"embeddable":true,"href":"https:\/\/palmaequipmentrental.com\/es\/wp-json\/wp\/v2\/media\/11836"}],"wp:attachment":[{"href":"https:\/\/palmaequipmentrental.com\/es\/wp-json\/wp\/v2\/media?parent=3712"}],"wp:term":[{"taxonomy":"product_cat","embeddable":true,"href":"https:\/\/palmaequipmentrental.com\/es\/wp-json\/wp\/v2\/product_cat?post=3712"},{"taxonomy":"product_tag","embeddable":true,"href":"https:\/\/palmaequipmentrental.com\/es\/wp-json\/wp\/v2\/product_tag?post=3712"}],"curies":[{"name":"wp","href":"https:\/\/api.w.org\/{rel}","templated":true}]}}