{"id":3714,"date":"2012-03-23T10:00:23","date_gmt":"2012-03-23T10:00:23","guid":{"rendered":"http:\/\/www.palmaequipmentrental.com\/product\/pro-ringflash-reflector-2\/"},"modified":"2023-10-11T15:05:47","modified_gmt":"2023-10-11T15:05:47","slug":"pro-ringflash-reflector","status":"publish","type":"product","link":"https:\/\/palmaequipmentrental.com\/es\/photo-video-equipment-mallorca\/pro-ringflash-reflector\/","title":{"rendered":"Profoto Ringflash Reflector"},"content":{"rendered":"<p>El Softlight Reflector para los Ring Flashes de Profoto ampl\u00eda el efecto del Ring Flash, por lo que cambia las caracter\u00edsticas de la luz hasta lograr una sensaci\u00f3n m\u00e1s suave y m\u00e1s uniforme. Esto da lugar a una luz favorecedora que es muy \u00fatil para la fotograf\u00eda de personas.<\/p>\n<h3 class=\"tab__content-subtitle\">Caracter\u00edsticas<\/h3>\n<ul>\n<li>Crea una luz m\u00e1s suave y favorecedora sin sombras, procedente de tu Ring Flash.<\/li>\n<li>Se ha dise\u00f1ado para durar muchos a\u00f1os con un uso diario.<\/li>\n<li>Compatible con todos los Ring Flashes de Profoto.<\/li>\n<\/ul>\n<p>&nbsp;<\/p>\n<p><strong>\u00a0<\/strong><\/p>\n","protected":false},"excerpt":{"rendered":"<p>El Softlight Reflector para los Ring Flashes de Profoto ampl\u00eda el efecto del Ring Flash, por lo que cambia las caracter\u00edsticas de la luz hasta lograr una sensaci\u00f3n m\u00e1s suave y m\u00e1s uniforme. Esto da lugar a una luz favorecedora que es muy \u00fatil para la fotograf\u00eda de personas. Caracter\u00edsticas Crea una luz m\u00e1s suave y favorecedora sin sombras, procedente [&hellip;]<\/p>\n","protected":false},"featured_media":6537,"template":"","meta":[],"product_cat":[785],"product_tag":[],"class_list":{"0":"post-3714","1":"product","2":"type-product","3":"status-publish","4":"has-post-thumbnail","6":"product_cat-pro-modeladores-de-luz","8":"first","9":"instock","10":"shipping-taxable","11":"purchasable","12":"product-type-simple"},"_links":{"self":[{"href":"https:\/\/palmaequipmentrental.com\/es\/wp-json\/wp\/v2\/product\/3714","targetHints":{"allow":["GET"]}}],"collection":[{"href":"https:\/\/palmaequipmentrental.com\/es\/wp-json\/wp\/v2\/product"}],"about":[{"href":"https:\/\/palmaequipmentrental.com\/es\/wp-json\/wp\/v2\/types\/product"}],"wp:featuredmedia":[{"embeddable":true,"href":"https:\/\/palmaequipmentrental.com\/es\/wp-json\/wp\/v2\/media\/6537"}],"wp:attachment":[{"href":"https:\/\/palmaequipmentrental.com\/es\/wp-json\/wp\/v2\/media?parent=3714"}],"wp:term":[{"taxonomy":"product_cat","embeddable":true,"href":"https:\/\/palmaequipmentrental.com\/es\/wp-json\/wp\/v2\/product_cat?post=3714"},{"taxonomy":"product_tag","embeddable":true,"href":"https:\/\/palmaequipmentrental.com\/es\/wp-json\/wp\/v2\/product_tag?post=3714"}],"curies":[{"name":"wp","href":"https:\/\/api.w.org\/{rel}","templated":true}]}}