{"id":3716,"date":"2012-03-23T09:38:08","date_gmt":"2012-03-23T09:38:08","guid":{"rendered":"http:\/\/www.palmaequipmentrental.com\/product\/protwin-head-2\/"},"modified":"2024-01-14T15:36:23","modified_gmt":"2024-01-14T15:36:23","slug":"protwin-head","status":"publish","type":"product","link":"https:\/\/palmaequipmentrental.com\/es\/photo-video-equipment-mallorca\/protwin-head\/","title":{"rendered":"Profoto ProTwin Head"},"content":{"rendered":"<p><strong>Profoto ProTwin Head<\/strong><\/p>\n<ul>\n<li>El uso de dos tubos de flash duplica de forma efectiva el rendimiento del ProHead.<\/li>\n<li>Cuando se utiliza con un solo generador, produce un flash de menor duraci\u00f3n.<\/li>\n<li>Utilizado con dos generadores, consigue un reciclado m\u00e1s r\u00e1pido y\/o una mayor potencia, hasta 9600 Ws.<\/li>\n<\/ul>\n<p>El reflector Pro Magnum puede complementarse con la rejilla Honeycomb de 10\u00ba.<\/p>\n","protected":false},"excerpt":{"rendered":"<p>Profoto ProTwin Head El uso de dos tubos de flash duplica de forma efectiva el rendimiento del ProHead. Cuando se utiliza con un solo generador, produce un flash de menor duraci\u00f3n. Utilizado con dos generadores, consigue un reciclado m\u00e1s r\u00e1pido y\/o una mayor potencia, hasta 9600 Ws. El reflector Pro Magnum puede complementarse con la rejilla Honeycomb de 10\u00ba.<\/p>\n","protected":false},"featured_media":12879,"template":"","meta":[],"product_cat":[195],"product_tag":[],"class_list":{"0":"post-3716","1":"product","2":"type-product","3":"status-publish","4":"has-post-thumbnail","6":"product_cat-flash-heads-es","8":"first","9":"instock","10":"shipping-taxable","11":"purchasable","12":"product-type-simple"},"_links":{"self":[{"href":"https:\/\/palmaequipmentrental.com\/es\/wp-json\/wp\/v2\/product\/3716","targetHints":{"allow":["GET"]}}],"collection":[{"href":"https:\/\/palmaequipmentrental.com\/es\/wp-json\/wp\/v2\/product"}],"about":[{"href":"https:\/\/palmaequipmentrental.com\/es\/wp-json\/wp\/v2\/types\/product"}],"wp:featuredmedia":[{"embeddable":true,"href":"https:\/\/palmaequipmentrental.com\/es\/wp-json\/wp\/v2\/media\/12879"}],"wp:attachment":[{"href":"https:\/\/palmaequipmentrental.com\/es\/wp-json\/wp\/v2\/media?parent=3716"}],"wp:term":[{"taxonomy":"product_cat","embeddable":true,"href":"https:\/\/palmaequipmentrental.com\/es\/wp-json\/wp\/v2\/product_cat?post=3716"},{"taxonomy":"product_tag","embeddable":true,"href":"https:\/\/palmaequipmentrental.com\/es\/wp-json\/wp\/v2\/product_tag?post=3716"}],"curies":[{"name":"wp","href":"https:\/\/api.w.org\/{rel}","templated":true}]}}