{"id":3719,"date":"2012-03-21T17:49:35","date_gmt":"2012-03-21T17:49:35","guid":{"rendered":"http:\/\/www.palmaequipmentrental.com\/product\/profoto-1200-7s-pack-21-2\/"},"modified":"2024-01-16T18:45:32","modified_gmt":"2024-01-16T18:45:32","slug":"pro-b4-li-ion-battery","status":"publish","type":"product","link":"https:\/\/palmaequipmentrental.com\/es\/photo-video-equipment-mallorca\/pro-b4-li-ion-battery\/","title":{"rendered":"Profoto Pro-B4 Bater\u00eda Li-Ion"},"content":{"rendered":"<p>La Bater\u00eda Li-Ion para Profoto Pro-B4 proporciona hasta 200 flashes a plena potencia y miles con la potencia m\u00ednima.<\/p>\n<h3 class=\"tab__content-subtitle\">Caracter\u00edsticas<\/h3>\n<ul>\n<li>Proporciona hasta 200 flashes a m\u00e1xima potencia.<\/li>\n<li>Se carga en 45 minutos con el Cargador de Bater\u00eda para Pro-B4.<\/li>\n<\/ul>\n<p>&nbsp;<\/p>\n<p>&nbsp;<\/p>\n<p>&nbsp;<\/p>\n<div class=\"field-items\" style=\"border-image: initial; font-family: 'Helvetica Neue', Arial, Helvetica, sans-serif; vertical-align: baseline; color: #4a4849; line-height: 18px; padding: 0px; margin: 0px; border: 0px initial initial;\"><\/div>\n","protected":false},"excerpt":{"rendered":"<p>La Bater\u00eda Li-Ion para Profoto Pro-B4 proporciona hasta 200 flashes a plena potencia y miles con la potencia m\u00ednima. Caracter\u00edsticas Proporciona hasta 200 flashes a m\u00e1xima potencia. Se carga en 45 minutos con el Cargador de Bater\u00eda para Pro-B4. &nbsp; &nbsp; &nbsp;<\/p>\n","protected":false},"featured_media":4873,"template":"","meta":[],"product_cat":[389],"product_tag":[],"class_list":{"0":"post-3719","1":"product","2":"type-product","3":"status-publish","4":"has-post-thumbnail","6":"product_cat-baterias-cargadores","8":"first","9":"instock","10":"shipping-taxable","11":"purchasable","12":"product-type-simple"},"_links":{"self":[{"href":"https:\/\/palmaequipmentrental.com\/es\/wp-json\/wp\/v2\/product\/3719","targetHints":{"allow":["GET"]}}],"collection":[{"href":"https:\/\/palmaequipmentrental.com\/es\/wp-json\/wp\/v2\/product"}],"about":[{"href":"https:\/\/palmaequipmentrental.com\/es\/wp-json\/wp\/v2\/types\/product"}],"wp:featuredmedia":[{"embeddable":true,"href":"https:\/\/palmaequipmentrental.com\/es\/wp-json\/wp\/v2\/media\/4873"}],"wp:attachment":[{"href":"https:\/\/palmaequipmentrental.com\/es\/wp-json\/wp\/v2\/media?parent=3719"}],"wp:term":[{"taxonomy":"product_cat","embeddable":true,"href":"https:\/\/palmaequipmentrental.com\/es\/wp-json\/wp\/v2\/product_cat?post=3719"},{"taxonomy":"product_tag","embeddable":true,"href":"https:\/\/palmaequipmentrental.com\/es\/wp-json\/wp\/v2\/product_tag?post=3719"}],"curies":[{"name":"wp","href":"https:\/\/api.w.org\/{rel}","templated":true}]}}