{"id":3721,"date":"2012-03-21T17:49:35","date_gmt":"2012-03-21T17:49:35","guid":{"rendered":"http:\/\/www.palmaequipmentrental.com\/product\/profoto-1200-7a-pack-2\/"},"modified":"2024-01-14T15:40:14","modified_gmt":"2024-01-14T15:40:14","slug":"profoto-1200-7a-pack","status":"publish","type":"product","link":"https:\/\/palmaequipmentrental.com\/es\/photo-video-equipment-mallorca\/profoto-1200-7a-pack\/","title":{"rendered":"Profoto Pro-7A 1200"},"content":{"rendered":"<p>Nuestro generador Pro-7a 1200 incluye 1x cable de alimentaci\u00f3n y 2x cables synchro.<\/p>\n<p>El Pro-7a ofrece un reciclaje s\u00faper r\u00e1pido, una duraci\u00f3n de flash ultra corta y una distribuci\u00f3n de potencia sim\u00e9trica \/ asim\u00e9trica para hasta tres cabezales de l\u00e1mpara.<\/p>\n<p>Caracter\u00edsticas<\/p>\n<ul>\n<li>Tiempo de\u00a0 reciclaje s\u00faper r\u00e1pido de 0.08-0.7 s<\/li>\n<li>Duraciones de flash cortas desde 1 \/ 2.200-1 \/ 12000 s<\/li>\n<li>6 rango f-stop en incrementos de 1\/3 y 1\/6 pasos con dos controles de cuadrante ergon\u00f3micos<\/li>\n<li>Multivoltaje autom\u00e1tico de auto b\u00fasqueda con todos los voltajes de CA entre 90-260 V, 50-60 Hz<\/li>\n<li>Distribuci\u00f3n de luz sim\u00e9trica \/ asim\u00e9trica a tres salidas de l\u00e1mpara<\/li>\n<li>Heavy duty, dise\u00f1o ergon\u00f3mico<\/li>\n<li>Temperatura de color constante y nivel de exposici\u00f3n en toda la configuraci\u00f3n de potencia<span style=\"line-height: normal;\"><br \/>\n<\/span><\/li>\n<\/ul>\n<div class=\"field-items\" style=\"border-image: initial; font-family: 'Helvetica Neue', Arial, Helvetica, sans-serif; vertical-align: baseline; color: #4a4849; line-height: 18px; padding: 0px; margin: 0px; border: 0px initial initial;\"><\/div>\n","protected":false},"excerpt":{"rendered":"<p>Nuestro generador Pro-7a 1200 incluye 1x cable de alimentaci\u00f3n y 2x cables synchro. El Pro-7a ofrece un reciclaje s\u00faper r\u00e1pido, una duraci\u00f3n de flash ultra corta y una distribuci\u00f3n de potencia sim\u00e9trica \/ asim\u00e9trica para hasta tres cabezales de l\u00e1mpara. Caracter\u00edsticas Tiempo de\u00a0 reciclaje s\u00faper r\u00e1pido de 0.08-0.7 s Duraciones de flash cortas desde 1 \/ 2.200-1 \/ 12000 s [&hellip;]<\/p>\n","protected":false},"featured_media":5144,"template":"","meta":[],"product_cat":[196],"product_tag":[],"class_list":{"0":"post-3721","1":"product","2":"type-product","3":"status-publish","4":"has-post-thumbnail","6":"product_cat-flash-generators-es","8":"first","9":"instock","10":"shipping-taxable","11":"purchasable","12":"product-type-simple"},"_links":{"self":[{"href":"https:\/\/palmaequipmentrental.com\/es\/wp-json\/wp\/v2\/product\/3721","targetHints":{"allow":["GET"]}}],"collection":[{"href":"https:\/\/palmaequipmentrental.com\/es\/wp-json\/wp\/v2\/product"}],"about":[{"href":"https:\/\/palmaequipmentrental.com\/es\/wp-json\/wp\/v2\/types\/product"}],"wp:featuredmedia":[{"embeddable":true,"href":"https:\/\/palmaequipmentrental.com\/es\/wp-json\/wp\/v2\/media\/5144"}],"wp:attachment":[{"href":"https:\/\/palmaequipmentrental.com\/es\/wp-json\/wp\/v2\/media?parent=3721"}],"wp:term":[{"taxonomy":"product_cat","embeddable":true,"href":"https:\/\/palmaequipmentrental.com\/es\/wp-json\/wp\/v2\/product_cat?post=3721"},{"taxonomy":"product_tag","embeddable":true,"href":"https:\/\/palmaequipmentrental.com\/es\/wp-json\/wp\/v2\/product_tag?post=3721"}],"curies":[{"name":"wp","href":"https:\/\/api.w.org\/{rel}","templated":true}]}}