{"id":3725,"date":"2012-03-20T14:13:35","date_gmt":"2012-03-20T14:13:35","guid":{"rendered":"http:\/\/www.palmaequipmentrental.com\/product\/hmi-575w-2\/"},"modified":"2023-02-15T10:56:24","modified_gmt":"2023-02-15T10:56:24","slug":"hmi-575w","status":"publish","type":"product","link":"https:\/\/palmaequipmentrental.com\/es\/photo-video-equipment-mallorca\/hmi-575w\/","title":{"rendered":"HMI 575w"},"content":{"rendered":"<p><strong>Arri 575w Daylight HMI Fresnel incluyendo Flicker Free Ballast, viseras y cables.<\/strong><\/p>\n<p>Ideal para todo tipo de iluminaci\u00f3n en localizaciones donde se requieran focos Fresnel con caracter\u00edsticas de luz diurna, alta eficiencia y ligereza.<\/p>\n<ul>\n<li>Tama\u00f1o compacto<\/li>\n<li>Montaje 5\/8&#8243; (16mm) o 1-1\/8&#8243; (29mm) Montaje en soporte<\/li>\n<li>Peso 7,9 kg (17,5 lbs)<\/li>\n<li>Dimensiones 33 x 43,2 x 25,4 cm (13 x 17 x 10&#8243;)<\/li>\n<\/ul>\n","protected":false},"excerpt":{"rendered":"<p>Arri 575w Daylight HMI Fresnel incluyendo Flicker Free Ballast, viseras y cables. Ideal para todo tipo de iluminaci\u00f3n en localizaciones donde se requieran focos Fresnel con caracter\u00edsticas de luz diurna, alta eficiencia y ligereza. Tama\u00f1o compacto Montaje 5\/8&#8243; (16mm) o 1-1\/8&#8243; (29mm) Montaje en soporte Peso 7,9 kg (17,5 lbs) Dimensiones 33 x 43,2 x 25,4 cm (13 x 17 [&hellip;]<\/p>\n","protected":false},"featured_media":12505,"template":"","meta":[],"product_cat":[232,231],"product_tag":[],"class_list":{"0":"post-3725","1":"product","2":"type-product","3":"status-publish","4":"has-post-thumbnail","6":"product_cat-luz-continua-2","7":"product_cat-luz-dia","9":"first","10":"instock","11":"shipping-taxable","12":"purchasable","13":"product-type-simple"},"_links":{"self":[{"href":"https:\/\/palmaequipmentrental.com\/es\/wp-json\/wp\/v2\/product\/3725","targetHints":{"allow":["GET"]}}],"collection":[{"href":"https:\/\/palmaequipmentrental.com\/es\/wp-json\/wp\/v2\/product"}],"about":[{"href":"https:\/\/palmaequipmentrental.com\/es\/wp-json\/wp\/v2\/types\/product"}],"wp:featuredmedia":[{"embeddable":true,"href":"https:\/\/palmaequipmentrental.com\/es\/wp-json\/wp\/v2\/media\/12505"}],"wp:attachment":[{"href":"https:\/\/palmaequipmentrental.com\/es\/wp-json\/wp\/v2\/media?parent=3725"}],"wp:term":[{"taxonomy":"product_cat","embeddable":true,"href":"https:\/\/palmaequipmentrental.com\/es\/wp-json\/wp\/v2\/product_cat?post=3725"},{"taxonomy":"product_tag","embeddable":true,"href":"https:\/\/palmaequipmentrental.com\/es\/wp-json\/wp\/v2\/product_tag?post=3725"}],"curies":[{"name":"wp","href":"https:\/\/api.w.org\/{rel}","templated":true}]}}