{"id":3738,"date":"2012-03-20T14:13:35","date_gmt":"2012-03-20T14:13:35","guid":{"rendered":"http:\/\/www.palmaequipmentrental.com\/product\/arri-m18-2\/"},"modified":"2025-08-05T13:05:30","modified_gmt":"2025-08-05T13:05:30","slug":"arri-m18","status":"publish","type":"product","link":"https:\/\/palmaequipmentrental.com\/es\/photo-video-equipment-mallorca\/arri-m18\/","title":{"rendered":"HMI M18"},"content":{"rendered":"<p><strong>El Arri HMI M18 daylight incluye balasto, viseras y cables.<\/strong><\/p>\n<p>Es un foco sin lente de cara abierta que combina las caracter\u00edsticas de un PAR y un Fresnel, creando rayos divergentes de luz para producir una sombra muy n\u00edtida.<\/p>\n<p>Combina la tecnolog\u00eda \u00f3ptica sin lente ARRIMAX con el innovador dise\u00f1o True Blue. El resultado es una nueva y emocionante clase de HMI tan peque\u00f1a como un PAR de 1200W pero con un 70% m\u00e1s de salida de luz. El \u00abBABYMAX\u00bb proporciona una distribuci\u00f3n del haz uniforme que proyecta sombras n\u00edtidas y es ajustable de 20 a 60 grados sin necesidad de lentes de dispersi\u00f3n.<\/p>\n<ul>\n<li>Montaje en soporte de 1-1\/8<\/li>\n<li>Dimensiones 69,85 x 38,73 x 38,73 cm (27,5 x 15,25 x 12,2&#8243;)<\/li>\n<li>Peso 10,5 kg (23,1 lb)<\/li>\n<\/ul>\n<p><a href=\"https:\/\/youtu.be\/7lIgtqAYNWk\">Check our video!<\/a><\/p>\n","protected":false},"excerpt":{"rendered":"<p>El Arri HMI M18 daylight incluye balasto, viseras y cables. Es un foco sin lente de cara abierta que combina las caracter\u00edsticas de un PAR y un Fresnel, creando rayos divergentes de luz para producir una sombra muy n\u00edtida. Combina la tecnolog\u00eda \u00f3ptica sin lente ARRIMAX con el innovador dise\u00f1o True Blue. El resultado es una nueva y emocionante clase [&hellip;]<\/p>\n","protected":false},"featured_media":12532,"template":"","meta":[],"product_cat":[231,232],"product_tag":[],"class_list":{"0":"post-3738","1":"product","2":"type-product","3":"status-publish","4":"has-post-thumbnail","6":"product_cat-luz-dia","7":"product_cat-luz-continua-2","9":"first","10":"instock","11":"shipping-taxable","12":"purchasable","13":"product-type-simple"},"_links":{"self":[{"href":"https:\/\/palmaequipmentrental.com\/es\/wp-json\/wp\/v2\/product\/3738","targetHints":{"allow":["GET"]}}],"collection":[{"href":"https:\/\/palmaequipmentrental.com\/es\/wp-json\/wp\/v2\/product"}],"about":[{"href":"https:\/\/palmaequipmentrental.com\/es\/wp-json\/wp\/v2\/types\/product"}],"wp:featuredmedia":[{"embeddable":true,"href":"https:\/\/palmaequipmentrental.com\/es\/wp-json\/wp\/v2\/media\/12532"}],"wp:attachment":[{"href":"https:\/\/palmaequipmentrental.com\/es\/wp-json\/wp\/v2\/media?parent=3738"}],"wp:term":[{"taxonomy":"product_cat","embeddable":true,"href":"https:\/\/palmaequipmentrental.com\/es\/wp-json\/wp\/v2\/product_cat?post=3738"},{"taxonomy":"product_tag","embeddable":true,"href":"https:\/\/palmaequipmentrental.com\/es\/wp-json\/wp\/v2\/product_tag?post=3738"}],"curies":[{"name":"wp","href":"https:\/\/api.w.org\/{rel}","templated":true}]}}