{"id":3740,"date":"2012-03-20T14:13:35","date_gmt":"2012-03-20T14:13:35","guid":{"rendered":"http:\/\/www.palmaequipmentrental.com\/product\/led-litepanel-bi-color-30x30cm-2\/"},"modified":"2023-02-16T13:29:33","modified_gmt":"2023-02-16T13:29:33","slug":"led-litepanel-bi-color-30x30cm","status":"publish","type":"product","link":"https:\/\/palmaequipmentrental.com\/es\/photo-video-equipment-mallorca\/led-litepanel-bi-color-30x30cm\/","title":{"rendered":"LED Litepanel Bi-Color 30x30cm"},"content":{"rendered":"<p><strong>Panel de luz LED bicolor para estudio Farseeing 30x30cm. <\/strong><\/p>\n<p>Ofrece una luz fiable, suave y dirigida.<\/p>\n<ul>\n<li>Potencia 60W<\/li>\n<li>Brillo 4000lux<\/li>\n<li>Ajuste el color de la luz del d\u00eda 5600k a tungsteno 3200k y cualquier cosa en el medio<\/li>\n<li>Funciona con adaptador de CA o pilas<\/li>\n<li>Tecnolog\u00eda LED sin calor<\/li>\n<li>Sin parpadeos a cualquier velocidad de fotogramas o \u00e1ngulo de obturaci\u00f3n<\/li>\n<li>Regulaci\u00f3n de 100% a 0% sin cambio de color perceptible<\/li>\n<li>Salida de luz comparable a 200W HMI o 500W Tungsteno<\/li>\n<li>Dise\u00f1o modular para configuraci\u00f3n multipanel<\/li>\n<li>Incluye viseras y difusor de panel<\/li>\n<\/ul>\n","protected":false},"excerpt":{"rendered":"<p>Panel de luz LED bicolor para estudio Farseeing 30x30cm. Ofrece una luz fiable, suave y dirigida. Potencia 60W Brillo 4000lux Ajuste el color de la luz del d\u00eda 5600k a tungsteno 3200k y cualquier cosa en el medio Funciona con adaptador de CA o pilas Tecnolog\u00eda LED sin calor Sin parpadeos a cualquier velocidad de fotogramas o \u00e1ngulo de obturaci\u00f3n [&hellip;]<\/p>\n","protected":false},"featured_media":12569,"template":"","meta":[],"product_cat":[239,238],"product_tag":[],"class_list":{"0":"post-3740","1":"product","2":"type-product","3":"status-publish","4":"has-post-thumbnail","6":"product_cat-luz-led","7":"product_cat-led","9":"first","10":"instock","11":"shipping-taxable","12":"purchasable","13":"product-type-simple"},"_links":{"self":[{"href":"https:\/\/palmaequipmentrental.com\/es\/wp-json\/wp\/v2\/product\/3740","targetHints":{"allow":["GET"]}}],"collection":[{"href":"https:\/\/palmaequipmentrental.com\/es\/wp-json\/wp\/v2\/product"}],"about":[{"href":"https:\/\/palmaequipmentrental.com\/es\/wp-json\/wp\/v2\/types\/product"}],"wp:featuredmedia":[{"embeddable":true,"href":"https:\/\/palmaequipmentrental.com\/es\/wp-json\/wp\/v2\/media\/12569"}],"wp:attachment":[{"href":"https:\/\/palmaequipmentrental.com\/es\/wp-json\/wp\/v2\/media?parent=3740"}],"wp:term":[{"taxonomy":"product_cat","embeddable":true,"href":"https:\/\/palmaequipmentrental.com\/es\/wp-json\/wp\/v2\/product_cat?post=3740"},{"taxonomy":"product_tag","embeddable":true,"href":"https:\/\/palmaequipmentrental.com\/es\/wp-json\/wp\/v2\/product_tag?post=3740"}],"curies":[{"name":"wp","href":"https:\/\/api.w.org\/{rel}","templated":true}]}}