{"id":3742,"date":"2012-03-20T14:13:35","date_gmt":"2012-03-20T14:13:35","guid":{"rendered":"http:\/\/www.palmaequipmentrental.com\/product\/hmi-2500w-2\/"},"modified":"2023-02-15T11:52:55","modified_gmt":"2023-02-15T11:52:55","slug":"hmi-2500w","status":"publish","type":"product","link":"https:\/\/palmaequipmentrental.com\/es\/photo-video-equipment-mallorca\/hmi-2500w\/","title":{"rendered":"HMI 2500w"},"content":{"rendered":"<p>Arri 2500w Daylight HMI Fresnel incluyendo Flicker Free Ballast, viseras y cables.<\/p>\n<p>Ideal para todo tipo de iluminaci\u00f3n de localizaci\u00f3n donde se requieran focos Fresnel de alta eficiencia.<\/p>\n<p>Montaje: Espiga 28mm<br \/>\nTama\u00f1o: 487x482x394mm<br \/>\nPeso: 16,3 kg<br \/>\nLente: 250mm<\/p>\n","protected":false},"excerpt":{"rendered":"<p>Arri 2500w Daylight HMI Fresnel incluyendo Flicker Free Ballast, viseras y cables. Ideal para todo tipo de iluminaci\u00f3n de localizaci\u00f3n donde se requieran focos Fresnel de alta eficiencia. Montaje: Espiga 28mm Tama\u00f1o: 487x482x394mm Peso: 16,3 kg Lente: 250mm<\/p>\n","protected":false},"featured_media":12519,"template":"","meta":[],"product_cat":[231,232],"product_tag":[],"class_list":{"0":"post-3742","1":"product","2":"type-product","3":"status-publish","4":"has-post-thumbnail","6":"product_cat-luz-dia","7":"product_cat-luz-continua-2","9":"first","10":"instock","11":"shipping-taxable","12":"purchasable","13":"product-type-simple"},"_links":{"self":[{"href":"https:\/\/palmaequipmentrental.com\/es\/wp-json\/wp\/v2\/product\/3742","targetHints":{"allow":["GET"]}}],"collection":[{"href":"https:\/\/palmaequipmentrental.com\/es\/wp-json\/wp\/v2\/product"}],"about":[{"href":"https:\/\/palmaequipmentrental.com\/es\/wp-json\/wp\/v2\/types\/product"}],"wp:featuredmedia":[{"embeddable":true,"href":"https:\/\/palmaequipmentrental.com\/es\/wp-json\/wp\/v2\/media\/12519"}],"wp:attachment":[{"href":"https:\/\/palmaequipmentrental.com\/es\/wp-json\/wp\/v2\/media?parent=3742"}],"wp:term":[{"taxonomy":"product_cat","embeddable":true,"href":"https:\/\/palmaequipmentrental.com\/es\/wp-json\/wp\/v2\/product_cat?post=3742"},{"taxonomy":"product_tag","embeddable":true,"href":"https:\/\/palmaequipmentrental.com\/es\/wp-json\/wp\/v2\/product_tag?post=3742"}],"curies":[{"name":"wp","href":"https:\/\/api.w.org\/{rel}","templated":true}]}}