{"id":3753,"date":"2012-03-30T09:30:11","date_gmt":"2012-03-30T09:30:11","guid":{"rendered":"http:\/\/www.palmaequipmentrental.com\/product\/double-wind-up-2\/"},"modified":"2022-08-31T12:23:38","modified_gmt":"2022-08-31T12:23:38","slug":"double-wind-up","status":"publish","type":"product","link":"https:\/\/palmaequipmentrental.com\/es\/photo-video-equipment-mallorca\/double-wind-up\/","title":{"rendered":"Tr\u00edpode Double Wind-up"},"content":{"rendered":"<p><strong>Tr\u00edpode Double Wind-up de 2 secciones con manivela y ruedas (<\/strong>087NW).<\/p>\n<p><strong>Especificaciones:<\/strong><\/p>\n<ul>\n<li>Altura m\u00e1xima: 370 cm<\/li>\n<li>Altura m\u00ednima: 167 cm<\/li>\n<li>Carga \u00fatil: 30 kg<\/li>\n<li>Peso: 21,7 kg<\/li>\n<li>Longitud plegado: 181 cm<\/li>\n<li>Pata de nivelaci\u00f3n para terrenos irregulares<\/li>\n<\/ul>\n<p><strong>Conectores superiores:<\/strong><\/p>\n<ul>\n<li>Toma de 1 1\/8\u2033 (28mm)<\/li>\n<li>Perno de 5\/8\u2033 (16mm) con tornillo de 3\/8\u2033.<\/li>\n<\/ul>\n","protected":false},"excerpt":{"rendered":"<p>Tr\u00edpode Double Wind-up de 2 secciones con manivela y ruedas (087NW). Especificaciones: Altura m\u00e1xima: 370 cm Altura m\u00ednima: 167 cm Carga \u00fatil: 30 kg Peso: 21,7 kg Longitud plegado: 181 cm Pata de nivelaci\u00f3n para terrenos irregulares Conectores superiores: Toma de 1 1\/8\u2033 (28mm) Perno de 5\/8\u2033 (16mm) con tornillo de 3\/8\u2033.<\/p>\n","protected":false},"featured_media":11078,"template":"","meta":[],"product_cat":[228,227],"product_tag":[],"class_list":{"0":"post-3753","1":"product","2":"type-product","3":"status-publish","4":"has-post-thumbnail","6":"product_cat-tripodes-de-luz","7":"product_cat-tripodes-de-luz-2","9":"first","10":"instock","11":"shipping-taxable","12":"purchasable","13":"product-type-simple"},"_links":{"self":[{"href":"https:\/\/palmaequipmentrental.com\/es\/wp-json\/wp\/v2\/product\/3753","targetHints":{"allow":["GET"]}}],"collection":[{"href":"https:\/\/palmaequipmentrental.com\/es\/wp-json\/wp\/v2\/product"}],"about":[{"href":"https:\/\/palmaequipmentrental.com\/es\/wp-json\/wp\/v2\/types\/product"}],"wp:featuredmedia":[{"embeddable":true,"href":"https:\/\/palmaequipmentrental.com\/es\/wp-json\/wp\/v2\/media\/11078"}],"wp:attachment":[{"href":"https:\/\/palmaequipmentrental.com\/es\/wp-json\/wp\/v2\/media?parent=3753"}],"wp:term":[{"taxonomy":"product_cat","embeddable":true,"href":"https:\/\/palmaequipmentrental.com\/es\/wp-json\/wp\/v2\/product_cat?post=3753"},{"taxonomy":"product_tag","embeddable":true,"href":"https:\/\/palmaequipmentrental.com\/es\/wp-json\/wp\/v2\/product_tag?post=3753"}],"curies":[{"name":"wp","href":"https:\/\/api.w.org\/{rel}","templated":true}]}}