{"id":3755,"date":"2012-03-30T09:30:11","date_gmt":"2012-03-30T09:30:11","guid":{"rendered":"http:\/\/www.palmaequipmentrental.com\/product\/autopole-2\/"},"modified":"2024-01-15T09:59:15","modified_gmt":"2024-01-15T09:59:15","slug":"autopole","status":"publish","type":"product","link":"https:\/\/palmaequipmentrental.com\/es\/photo-video-equipment-mallorca\/autopole\/","title":{"rendered":"Autopole"},"content":{"rendered":"<p>Revoluciona tu espacio de rodaje con el Autopole, ahora disponible en Palma Equipment Rental. Perfecto para fot\u00f3grafos y cineastas en Palma de Mallorca y en todas las Islas Baleares, esta herramienta vers\u00e1til es ideal para transformar cualquier ubicaci\u00f3n en un entorno de rodaje profesional, ya sea para moda o publicidad.<\/p>\n<p>Detalles T\u00e9cnicos:<\/p>\n<ul>\n<li>Tama\u00f1o: Extensible de 210 cm a 370 cm, adecuado para una variedad de espacios<\/li>\n<li>Construcci\u00f3n robusta y fiable para una instalaci\u00f3n segura<\/li>\n<li>Adaptable para varios usos, desde sostener luces hasta crear fondos<\/li>\n<li>Ideal para cambios de configuraci\u00f3n r\u00e1pidos y eficientes en escenarios de rodaje din\u00e1micos<\/li>\n<\/ul>\n<p>\u00bfPor qu\u00e9 lo necesitas? El Autopole es una adici\u00f3n vers\u00e1til a cualquier rodaje, proporcionando estabilidad y flexibilidad para todas tus necesidades creativas.<\/p>\n<p>En Palma Equipment Rental, nos especializamos en equiparte con las mejores herramientas para el \u00e9xito. Junto a nuestra gama de equipos de primer nivel de marcas como Profoto y Canon, el Autopole es un componente clave para fot\u00f3grafos y cineastas. Entendemos la importancia de un equipo adaptable y eficiente, especialmente al rodar en ubicaciones diversas en Menorca, Ibiza, Formentera y la pen\u00ednsula espa\u00f1ola. Nuestro soporte t\u00e9cnico 24\/7 asegura que puedas integrar el Autopole sin problemas en tu flujo de trabajo creativo, haciendo que cada rodaje sea un triunfo.<\/p>\n","protected":false},"excerpt":{"rendered":"<p>Revoluciona tu espacio de rodaje con el Autopole, ahora disponible en Palma Equipment Rental. Perfecto para fot\u00f3grafos y cineastas en Palma de Mallorca y en todas las Islas Baleares, esta herramienta vers\u00e1til es ideal para transformar cualquier ubicaci\u00f3n en un entorno de rodaje profesional, ya sea para moda o publicidad. Detalles T\u00e9cnicos: Tama\u00f1o: Extensible de 210 cm a 370 cm, [&hellip;]<\/p>\n","protected":false},"featured_media":13843,"template":"","meta":[],"product_cat":[227,228],"product_tag":[],"class_list":{"0":"post-3755","1":"product","2":"type-product","3":"status-publish","4":"has-post-thumbnail","6":"product_cat-tripodes-de-luz-2","7":"product_cat-tripodes-de-luz","9":"first","10":"instock","11":"shipping-taxable","12":"purchasable","13":"product-type-simple"},"_links":{"self":[{"href":"https:\/\/palmaequipmentrental.com\/es\/wp-json\/wp\/v2\/product\/3755","targetHints":{"allow":["GET"]}}],"collection":[{"href":"https:\/\/palmaequipmentrental.com\/es\/wp-json\/wp\/v2\/product"}],"about":[{"href":"https:\/\/palmaequipmentrental.com\/es\/wp-json\/wp\/v2\/types\/product"}],"wp:featuredmedia":[{"embeddable":true,"href":"https:\/\/palmaequipmentrental.com\/es\/wp-json\/wp\/v2\/media\/13843"}],"wp:attachment":[{"href":"https:\/\/palmaequipmentrental.com\/es\/wp-json\/wp\/v2\/media?parent=3755"}],"wp:term":[{"taxonomy":"product_cat","embeddable":true,"href":"https:\/\/palmaequipmentrental.com\/es\/wp-json\/wp\/v2\/product_cat?post=3755"},{"taxonomy":"product_tag","embeddable":true,"href":"https:\/\/palmaequipmentrental.com\/es\/wp-json\/wp\/v2\/product_tag?post=3755"}],"curies":[{"name":"wp","href":"https:\/\/api.w.org\/{rel}","templated":true}]}}