{"id":3757,"date":"2012-03-30T09:30:11","date_gmt":"2012-03-30T09:30:11","guid":{"rendered":"http:\/\/www.palmaequipmentrental.com\/product\/combo-stand-2\/"},"modified":"2024-01-11T14:53:40","modified_gmt":"2024-01-11T14:53:40","slug":"combo-stand","status":"publish","type":"product","link":"https:\/\/palmaequipmentrental.com\/es\/photo-video-equipment-mallorca\/combo-stand\/","title":{"rendered":"Tr\u00edpode Combo Doble"},"content":{"rendered":"<p>Da un paso adelante en tu fotograf\u00eda con el Combo Stand Double Riser, tambi\u00e9n conocido como Avenger Combo Stand 35 Silver (A1035CS), ahora disponible en Palma Equipment Rental. Este soporte es favorito en Palma de Mallorca y en todas las Islas Baleares, ideal para una variedad de configuraciones de iluminaci\u00f3n y c\u00e1mara en fotograf\u00eda de moda y publicidad.<\/p>\n<p>Detalles T\u00e9cnicos:<\/p>\n<ul>\n<li>Modelo: Avenger Combo Stand 35 Silver (A1035CS)<\/li>\n<li>Altura: Alcanza hasta 350 cm (138 pulgadas)<\/li>\n<li>Double Riser: Permite ajustes de altura flexibles<\/li>\n<li>Ruedas Incluidas: Para f\u00e1cil movilidad y posicionamiento<\/li>\n<li>Compatibilidad: Perfecto para soportar una amplia gama de equipos de iluminaci\u00f3n y c\u00e1mara<\/li>\n<\/ul>\n<p>\u00bfPor qu\u00e9 lo necesitas? El Combo Stand Double Riser, con sus pr\u00e1cticas ruedas y altura ajustable, es crucial para lograr sin esfuerzo los \u00e1ngulos perfectos de iluminaci\u00f3n y c\u00e1mara.<\/p>\n<p>En Palma Equipment Rental, nos dedicamos a proporcionar equipos de alta calidad que marcan la diferencia. Desde marcas reconocidas como Canon y Nikon hasta soportes vers\u00e1tiles como el Combo Stand Double Riser, tenemos todo lo que necesitas para tu sesi\u00f3n. Ya sea capturando la esencia de las playas de Ibiza o las pintorescas calles de Menorca, nuestro equipo, complementado con soporte t\u00e9cnico 24\/7, est\u00e1 aqu\u00ed para asegurar el \u00e9xito de tu proyecto.<\/p>\n","protected":false},"excerpt":{"rendered":"<p>Da un paso adelante en tu fotograf\u00eda con el Combo Stand Double Riser, tambi\u00e9n conocido como Avenger Combo Stand 35 Silver (A1035CS), ahora disponible en Palma Equipment Rental. Este soporte es favorito en Palma de Mallorca y en todas las Islas Baleares, ideal para una variedad de configuraciones de iluminaci\u00f3n y c\u00e1mara en fotograf\u00eda de moda y publicidad. Detalles T\u00e9cnicos: [&hellip;]<\/p>\n","protected":false},"featured_media":13785,"template":"","meta":[],"product_cat":[227,228],"product_tag":[],"class_list":{"0":"post-3757","1":"product","2":"type-product","3":"status-publish","4":"has-post-thumbnail","6":"product_cat-tripodes-de-luz-2","7":"product_cat-tripodes-de-luz","9":"first","10":"instock","11":"shipping-taxable","12":"purchasable","13":"product-type-simple"},"_links":{"self":[{"href":"https:\/\/palmaequipmentrental.com\/es\/wp-json\/wp\/v2\/product\/3757","targetHints":{"allow":["GET"]}}],"collection":[{"href":"https:\/\/palmaequipmentrental.com\/es\/wp-json\/wp\/v2\/product"}],"about":[{"href":"https:\/\/palmaequipmentrental.com\/es\/wp-json\/wp\/v2\/types\/product"}],"wp:featuredmedia":[{"embeddable":true,"href":"https:\/\/palmaequipmentrental.com\/es\/wp-json\/wp\/v2\/media\/13785"}],"wp:attachment":[{"href":"https:\/\/palmaequipmentrental.com\/es\/wp-json\/wp\/v2\/media?parent=3757"}],"wp:term":[{"taxonomy":"product_cat","embeddable":true,"href":"https:\/\/palmaequipmentrental.com\/es\/wp-json\/wp\/v2\/product_cat?post=3757"},{"taxonomy":"product_tag","embeddable":true,"href":"https:\/\/palmaequipmentrental.com\/es\/wp-json\/wp\/v2\/product_tag?post=3757"}],"curies":[{"name":"wp","href":"https:\/\/api.w.org\/{rel}","templated":true}]}}