{"id":3761,"date":"2012-03-30T09:30:11","date_gmt":"2012-03-30T09:30:11","guid":{"rendered":"http:\/\/www.palmaequipmentrental.com\/product\/giraffe-stand-2\/"},"modified":"2022-08-05T12:13:53","modified_gmt":"2022-08-05T12:13:53","slug":"giraffe-stand","status":"publish","type":"product","link":"https:\/\/palmaequipmentrental.com\/es\/photo-video-equipment-mallorca\/giraffe-stand\/","title":{"rendered":"Giraffe Stand 3-Riser"},"content":{"rendered":"<p><b>Caracter\u00edsticas:<\/b><\/p>\n<p>-Con la nivelaci\u00f3n en una pierna<\/p>\n<p>-Tr\u00edpode de acero con pata de 3 secciones (2 bandas)<\/p>\n<p>-Capacidad de carga: 40 kg<\/p>\n<p>-Altura max: 3,27 m<\/p>\n<p>-Altura m\u00ednima: 1.31m<\/p>\n","protected":false},"excerpt":{"rendered":"<p>Caracter\u00edsticas: -Con la nivelaci\u00f3n en una pierna -Tr\u00edpode de acero con pata de 3 secciones (2 bandas) -Capacidad de carga: 40 kg -Altura max: 3,27 m -Altura m\u00ednima: 1.31m<\/p>\n","protected":false},"featured_media":13294,"template":"","meta":[],"product_cat":[227,228],"product_tag":[],"class_list":{"0":"post-3761","1":"product","2":"type-product","3":"status-publish","4":"has-post-thumbnail","6":"product_cat-tripodes-de-luz-2","7":"product_cat-tripodes-de-luz","9":"first","10":"instock","11":"shipping-taxable","12":"purchasable","13":"product-type-simple"},"_links":{"self":[{"href":"https:\/\/palmaequipmentrental.com\/es\/wp-json\/wp\/v2\/product\/3761","targetHints":{"allow":["GET"]}}],"collection":[{"href":"https:\/\/palmaequipmentrental.com\/es\/wp-json\/wp\/v2\/product"}],"about":[{"href":"https:\/\/palmaequipmentrental.com\/es\/wp-json\/wp\/v2\/types\/product"}],"wp:featuredmedia":[{"embeddable":true,"href":"https:\/\/palmaequipmentrental.com\/es\/wp-json\/wp\/v2\/media\/13294"}],"wp:attachment":[{"href":"https:\/\/palmaequipmentrental.com\/es\/wp-json\/wp\/v2\/media?parent=3761"}],"wp:term":[{"taxonomy":"product_cat","embeddable":true,"href":"https:\/\/palmaequipmentrental.com\/es\/wp-json\/wp\/v2\/product_cat?post=3761"},{"taxonomy":"product_tag","embeddable":true,"href":"https:\/\/palmaequipmentrental.com\/es\/wp-json\/wp\/v2\/product_tag?post=3761"}],"curies":[{"name":"wp","href":"https:\/\/api.w.org\/{rel}","templated":true}]}}