{"id":3949,"date":"2016-06-14T11:02:35","date_gmt":"2016-06-14T11:02:35","guid":{"rendered":"http:\/\/www.palmaequipmentrental.com\/product\/lanparte-v-mount-battery-pinch-2\/"},"modified":"2023-04-13T10:43:15","modified_gmt":"2023-04-13T10:43:15","slug":"lanparte-v-mount-battery-pinch","status":"publish","type":"product","link":"https:\/\/palmaequipmentrental.com\/es\/photo-video-equipment-mallorca\/lanparte-v-mount-battery-pinch\/","title":{"rendered":"Lanparte V-mount Bater\u00eda Pinch"},"content":{"rendered":"<p><strong>Lanparte VBP-01 Pinza de Bater\u00eda de V-Mount\/V-Lock para c\u00e1maras.<\/strong><br \/>\n\u00a1La soluci\u00f3n perfecta para todos sus problemas de bater\u00eda!<\/p>\n<p>El VBP-01 V-Mount Bater\u00eda Pinch con HDMI Splitter de Lanparte es un adaptador de corriente multifunci\u00f3n. Puede montar una bater\u00eda de tipo V-mount como su fuente de alimentaci\u00f3n, o conectar la unidad a la alimentaci\u00f3n de CA a trav\u00e9s del adaptador de corriente incluido. El VBP-01 cuenta con m\u00faltiples salidas de CC (5, 7,4, 12 y 15 V), lo que le permite alimentar varios dispositivos simult\u00e1neamente; por ejemplo, la salida de 12 V puede utilizarse para alimentar un monitor; la de 5 V para alimentar una m\u00e1quina de conmutaci\u00f3n de se\u00f1ales, como un convertidor de SDI a HDMI; y la de 7,4 V para alimentar una DSLR. El V-Mount Bater\u00eda Pinch tambi\u00e9n cuenta con dos conectores de varilla de 15 mm, lo que permite montarlo en un equipo existente. Adem\u00e1s de ser una fuente de alimentaci\u00f3n m\u00faltiple, el V-Mount Bater\u00eda Pinch tambi\u00e9n funciona como un divisor HDMI capaz de dividir un solo flujo HDMI en dos salidas. La entrada del cargador de barril DC le permite cargar la bater\u00eda montada. El VPB-01 funciona mejor en conjunci\u00f3n con la almohadilla de hombro; estos dos elementos unidos a su equipo sirven como un peso de contrapeso.<\/p>\n<p><strong>Caracter\u00edsticas<\/strong><\/p>\n<ul>\n<li>Salida de 5V,7.4V,12V,15V ,D-tap<\/li>\n<li>Funci\u00f3n de carga inteligente<\/li>\n<li>Un divisor HDMI incorporado<\/li>\n<li>Conector de varilla de 15mm<\/li>\n<li>viene con 4 cables y un cargador<\/li>\n<li>Puerto de alimentaci\u00f3n USB para Ipad y Iphone.<\/li>\n<\/ul>\n","protected":false},"excerpt":{"rendered":"<p>Lanparte VBP-01 Pinza de Bater\u00eda de V-Mount\/V-Lock para c\u00e1maras. \u00a1La soluci\u00f3n perfecta para todos sus problemas de bater\u00eda! El VBP-01 V-Mount Bater\u00eda Pinch con HDMI Splitter de Lanparte es un adaptador de corriente multifunci\u00f3n. Puede montar una bater\u00eda de tipo V-mount como su fuente de alimentaci\u00f3n, o conectar la unidad a la alimentaci\u00f3n de CA a trav\u00e9s del adaptador de [&hellip;]<\/p>\n","protected":false},"featured_media":9516,"template":"","meta":[],"product_cat":[198,442],"product_tag":[],"class_list":{"0":"post-3949","1":"product","2":"type-product","3":"status-publish","4":"has-post-thumbnail","6":"product_cat-accesorios-de-camara-2","7":"product_cat-baterias-cargadores-es-2","9":"first","10":"instock","11":"shipping-taxable","12":"purchasable","13":"product-type-simple"},"_links":{"self":[{"href":"https:\/\/palmaequipmentrental.com\/es\/wp-json\/wp\/v2\/product\/3949","targetHints":{"allow":["GET"]}}],"collection":[{"href":"https:\/\/palmaequipmentrental.com\/es\/wp-json\/wp\/v2\/product"}],"about":[{"href":"https:\/\/palmaequipmentrental.com\/es\/wp-json\/wp\/v2\/types\/product"}],"wp:featuredmedia":[{"embeddable":true,"href":"https:\/\/palmaequipmentrental.com\/es\/wp-json\/wp\/v2\/media\/9516"}],"wp:attachment":[{"href":"https:\/\/palmaequipmentrental.com\/es\/wp-json\/wp\/v2\/media?parent=3949"}],"wp:term":[{"taxonomy":"product_cat","embeddable":true,"href":"https:\/\/palmaequipmentrental.com\/es\/wp-json\/wp\/v2\/product_cat?post=3949"},{"taxonomy":"product_tag","embeddable":true,"href":"https:\/\/palmaequipmentrental.com\/es\/wp-json\/wp\/v2\/product_tag?post=3949"}],"curies":[{"name":"wp","href":"https:\/\/api.w.org\/{rel}","templated":true}]}}