{"id":4246,"date":"2017-01-17T11:02:04","date_gmt":"2017-01-17T11:02:04","guid":{"rendered":"http:\/\/www.palmaequipmentrental.com\/product\/canon-eos-5d-mk-iv-2\/"},"modified":"2022-08-05T12:12:11","modified_gmt":"2022-08-05T12:12:11","slug":"canon-eos-5d-mk-iv","status":"publish","type":"product","link":"https:\/\/palmaequipmentrental.com\/es\/photo-video-equipment-mallorca\/canon-eos-5d-mk-iv\/","title":{"rendered":"Canon EOS 5D Mk IV"},"content":{"rendered":"<p>Nuestro <strong>kit Canon EOS 5D Mark IV<\/strong> incluye:<\/p>\n<ul>\n<li>1x Cuerpo Canon EOS 5D Mark IV<\/li>\n<li>2x Bater\u00eda LP-E6<\/li>\n<li>1x Cargador de bater\u00eda LC-E6<\/li>\n<li>1x Tarjeta Sandisk de 32GB<\/li>\n<li>1x Lector de tarjetas Sandisk.<\/li>\n<li>BG-E20 Canon Battery Grip opcional disponible<\/li>\n<\/ul>\n<p>Hecha para aquellos que exigen los m\u00e1s altos est\u00e1ndares de calidad de imagen, el sensor de 30,4 megap\u00edxeles de la EOS 5D Mark IV ofrece im\u00e1genes repletas de detalles, incluso en las luces m\u00e1s brillantes y en las sombras m\u00e1s oscuras.<\/p>\n<p><strong>Caracter\u00edsticas<\/strong><\/p>\n<ul>\n<li>30,4 megap\u00edxeles Calidad de imagen excepcional<\/li>\n<li>7 fps No te pierdas ni un momento<\/li>\n<li>Wi-Fi NFC F\u00e1cil conexi\u00f3n con dispositivos inteligentes<\/li>\n<li>Dual Pixel RAW Postproducci\u00f3n innovadora<\/li>\n<li>150.000 Rendimiento excepcional con poca luz<\/li>\n<li>V\u00eddeos EOS 4K Captura im\u00e1genes fijas de 8 MP con facilidad<\/li>\n<li>Dual Pixel CMOS AF Capacidad de enfoque asombrosamente precisa<\/li>\n<li>GPS integrado y Wi-Fi con la tecnolog\u00eda NFC<\/li>\n<li>DIGIC 6+ Procesamiento de im\u00e1genes superr\u00e1pido<\/li>\n<li>61 puntos de alta densidad reticular AF<\/li>\n<\/ul>\n","protected":false},"excerpt":{"rendered":"<p>Nuestro kit Canon EOS 5D Mark IV incluye: 1x Cuerpo Canon EOS 5D Mark IV 2x Bater\u00eda LP-E6 1x Cargador de bater\u00eda LC-E6 1x Tarjeta Sandisk de 32GB 1x Lector de tarjetas Sandisk. BG-E20 Canon Battery Grip opcional disponible Hecha para aquellos que exigen los m\u00e1s altos est\u00e1ndares de calidad de imagen, el sensor de 30,4 megap\u00edxeles de la EOS [&hellip;]<\/p>\n","protected":false},"featured_media":5952,"template":"","meta":[],"product_cat":[197,203],"product_tag":[],"class_list":{"0":"post-4246","1":"product","2":"type-product","3":"status-publish","4":"has-post-thumbnail","6":"product_cat-cuerpos-camara","7":"product_cat-camara-cuerpos-2","9":"first","10":"instock","11":"shipping-taxable","12":"purchasable","13":"product-type-simple"},"_links":{"self":[{"href":"https:\/\/palmaequipmentrental.com\/es\/wp-json\/wp\/v2\/product\/4246","targetHints":{"allow":["GET"]}}],"collection":[{"href":"https:\/\/palmaequipmentrental.com\/es\/wp-json\/wp\/v2\/product"}],"about":[{"href":"https:\/\/palmaequipmentrental.com\/es\/wp-json\/wp\/v2\/types\/product"}],"wp:featuredmedia":[{"embeddable":true,"href":"https:\/\/palmaequipmentrental.com\/es\/wp-json\/wp\/v2\/media\/5952"}],"wp:attachment":[{"href":"https:\/\/palmaequipmentrental.com\/es\/wp-json\/wp\/v2\/media?parent=4246"}],"wp:term":[{"taxonomy":"product_cat","embeddable":true,"href":"https:\/\/palmaequipmentrental.com\/es\/wp-json\/wp\/v2\/product_cat?post=4246"},{"taxonomy":"product_tag","embeddable":true,"href":"https:\/\/palmaequipmentrental.com\/es\/wp-json\/wp\/v2\/product_tag?post=4246"}],"curies":[{"name":"wp","href":"https:\/\/api.w.org\/{rel}","templated":true}]}}