{"id":4265,"date":"2017-05-01T12:46:04","date_gmt":"2017-05-01T12:46:04","guid":{"rendered":"http:\/\/www.palmaequipmentrental.com\/product\/photek-sunbuster-84-uncle-sam-2\/"},"modified":"2023-05-02T15:29:29","modified_gmt":"2023-05-02T15:29:29","slug":"photek-sunbuster-84-uncle-sam","status":"publish","type":"product","link":"https:\/\/palmaequipmentrental.com\/es\/photo-video-equipment-mallorca\/photek-sunbuster-84-uncle-sam\/","title":{"rendered":"Photek Paraguas Sunbuster &#8211; Uncle Sam"},"content":{"rendered":"<p class=\"ov-desc\">El paraguas convertible <strong>Photek Sunbuster SB84 PLUS<\/strong>, tambi\u00e9n conocido como Uncle Sam, viene con una tela difusora blanca y negra extra\u00edble y suaviza la luz solar directa con s\u00f3lo una p\u00e9rdida de luz de 1 parada.<\/p>\n<ul>\n<li>Di\u00e1metro abierto: 84\u2033 (2,13 m)<\/li>\n<li>Poste de extensi\u00f3n de 42\u2033 (106,7 cm)<\/li>\n<li>Marco basculante ajustable<\/li>\n<\/ul>\n<p>&nbsp;<\/p>\n<p>&nbsp;<\/p>\n","protected":false},"excerpt":{"rendered":"<p>El paraguas convertible Photek Sunbuster SB84 PLUS, tambi\u00e9n conocido como Uncle Sam, viene con una tela difusora blanca y negra extra\u00edble y suaviza la luz solar directa con s\u00f3lo una p\u00e9rdida de luz de 1 parada. Di\u00e1metro abierto: 84\u2033 (2,13 m) Poste de extensi\u00f3n de 42\u2033 (106,7 cm) Marco basculante ajustable &nbsp; &nbsp;<\/p>\n","protected":false},"featured_media":5123,"template":"","meta":[],"product_cat":[194],"product_tag":[],"class_list":{"0":"post-4265","1":"product","2":"type-product","3":"status-publish","4":"has-post-thumbnail","6":"product_cat-paraguas","8":"first","9":"instock","10":"shipping-taxable","11":"purchasable","12":"product-type-simple"},"_links":{"self":[{"href":"https:\/\/palmaequipmentrental.com\/es\/wp-json\/wp\/v2\/product\/4265","targetHints":{"allow":["GET"]}}],"collection":[{"href":"https:\/\/palmaequipmentrental.com\/es\/wp-json\/wp\/v2\/product"}],"about":[{"href":"https:\/\/palmaequipmentrental.com\/es\/wp-json\/wp\/v2\/types\/product"}],"wp:featuredmedia":[{"embeddable":true,"href":"https:\/\/palmaequipmentrental.com\/es\/wp-json\/wp\/v2\/media\/5123"}],"wp:attachment":[{"href":"https:\/\/palmaequipmentrental.com\/es\/wp-json\/wp\/v2\/media?parent=4265"}],"wp:term":[{"taxonomy":"product_cat","embeddable":true,"href":"https:\/\/palmaequipmentrental.com\/es\/wp-json\/wp\/v2\/product_cat?post=4265"},{"taxonomy":"product_tag","embeddable":true,"href":"https:\/\/palmaequipmentrental.com\/es\/wp-json\/wp\/v2\/product_tag?post=4265"}],"curies":[{"name":"wp","href":"https:\/\/api.w.org\/{rel}","templated":true}]}}