{"id":4341,"date":"2017-06-22T10:35:26","date_gmt":"2017-06-22T10:35:26","guid":{"rendered":"http:\/\/www.palmaequipmentrental.com\/product\/uncategorized\/pro-b4-quick-battery-charger\/"},"modified":"2024-01-14T15:24:24","modified_gmt":"2024-01-14T15:24:24","slug":"pro-b4-quick-battery-charger","status":"publish","type":"product","link":"https:\/\/palmaequipmentrental.com\/es\/photo-video-equipment-mallorca\/pro-b4-quick-battery-charger\/","title":{"rendered":"Profoto Pro-B4 Cargador Bater\u00eda"},"content":{"rendered":"<div class=\"ov-wrapper js-overview-desc\">\n<div class=\"ov-desc\">\n<p>El Cargador para bater\u00eda Pro-B4 es un cargador r\u00e1pido que recarga totalmente la bater\u00eda del Pro-B4 en menos de 45 minutos.<\/p>\n<\/div>\n<h3 class=\"tab__content-subtitle\">Caracter\u00edsticas<\/h3>\n<div class=\"ov-desc\">\n<ul>\n<li>Carga la Li-Ion Battery for Pro-B4 en menos de 45 minutos.<\/li>\n<li>\u00daltima tecnolog\u00eda de modo de conmutaci\u00f3n del cargador.<\/li>\n<li>Entrada multitensi\u00f3n (100-240 VCA, 50\/60 hz).<\/li>\n<\/ul>\n<\/div>\n<\/div>\n<p>&nbsp;<\/p>\n<p>&nbsp;<\/p>\n<p>&nbsp;<\/p>\n<p class=\"MsoNormal\"><span style=\"line-height: normal;\">\u00a0<\/span><\/p>\n<div><\/div>\n<p class=\"MsoNormal\" style=\"mso-margin-top-alt: auto; mso-margin-bottom-alt: auto; line-height: normal;\"><span style=\"font-family: Tahoma, sans-serif; color: #a6a6a6;\">\u00a0<\/span><\/p>\n<p>&nbsp;<\/p>\n","protected":false},"excerpt":{"rendered":"<p>El Cargador para bater\u00eda Pro-B4 es un cargador r\u00e1pido que recarga totalmente la bater\u00eda del Pro-B4 en menos de 45 minutos. Caracter\u00edsticas Carga la Li-Ion Battery for Pro-B4 en menos de 45 minutos. \u00daltima tecnolog\u00eda de modo de conmutaci\u00f3n del cargador. Entrada multitensi\u00f3n (100-240 VCA, 50\/60 hz). &nbsp; &nbsp; &nbsp; \u00a0 \u00a0 &nbsp;<\/p>\n","protected":false},"featured_media":4870,"template":"","meta":[],"product_cat":[389],"product_tag":[],"class_list":{"0":"post-4341","1":"product","2":"type-product","3":"status-publish","4":"has-post-thumbnail","6":"product_cat-baterias-cargadores","8":"first","9":"instock","10":"shipping-taxable","11":"purchasable","12":"product-type-simple"},"_links":{"self":[{"href":"https:\/\/palmaequipmentrental.com\/es\/wp-json\/wp\/v2\/product\/4341","targetHints":{"allow":["GET"]}}],"collection":[{"href":"https:\/\/palmaequipmentrental.com\/es\/wp-json\/wp\/v2\/product"}],"about":[{"href":"https:\/\/palmaequipmentrental.com\/es\/wp-json\/wp\/v2\/types\/product"}],"wp:featuredmedia":[{"embeddable":true,"href":"https:\/\/palmaequipmentrental.com\/es\/wp-json\/wp\/v2\/media\/4870"}],"wp:attachment":[{"href":"https:\/\/palmaequipmentrental.com\/es\/wp-json\/wp\/v2\/media?parent=4341"}],"wp:term":[{"taxonomy":"product_cat","embeddable":true,"href":"https:\/\/palmaequipmentrental.com\/es\/wp-json\/wp\/v2\/product_cat?post=4341"},{"taxonomy":"product_tag","embeddable":true,"href":"https:\/\/palmaequipmentrental.com\/es\/wp-json\/wp\/v2\/product_tag?post=4341"}],"curies":[{"name":"wp","href":"https:\/\/api.w.org\/{rel}","templated":true}]}}