{"id":4344,"date":"2017-06-22T10:39:27","date_gmt":"2017-06-22T10:39:27","guid":{"rendered":"http:\/\/www.palmaequipmentrental.com\/product\/uncategorized\/pro-zoom-reflector\/"},"modified":"2023-10-11T14:51:05","modified_gmt":"2023-10-11T14:51:05","slug":"pro-zoom-reflector","status":"publish","type":"product","link":"https:\/\/palmaequipmentrental.com\/es\/photo-video-equipment-mallorca\/pro-zoom-reflector\/","title":{"rendered":"Profoto Reflector Zoom"},"content":{"rendered":"<p>El Profoto Zoom Reflector ha sido uno de los claros favoritos de los fot\u00f3grafos de todo el mundo durante m\u00e1s de cuatro d\u00e9cadas. Probablemente se deba a que es uno de los reflectores disponibles m\u00e1s vers\u00e1tiles, capaz de proporcionar la luz de un reflector normal, un reflector gran angular y todos los efectos intermedios, gracias a su funci\u00f3n de zoom exclusiva.<\/p>\n<p>El soporte para grid integrado y una serie de accesorios opcionales ampl\u00edan a\u00fan m\u00e1s su ya de por s\u00ed impresionante versatilidad.<\/p>\n<h3 class=\"tab__content-subtitle\">Caracter\u00edsticas<\/h3>\n<ul>\n<li>La funci\u00f3n de zoom exclusiva de Profoto, modela la luz simplemente deslizando el reflector hacia atr\u00e1s y hacia delante de la antorcha.<\/li>\n<li>Difusi\u00f3n de la luz ajustable a 35-105\u00b0 en el ProHead.<\/li>\n<li>Emisi\u00f3n m\u00e1xima de luz a una distancia de 2 m con 2400\u00a0Ws en ISO\u00a0100: f\/45,1 (en el ProHead).<\/li>\n<li>Ampl\u00eda a\u00fan m\u00e1s su versatilidad con los accesorios opcionales, como las grids y las viseras.<\/li>\n<li>Se ha dise\u00f1ado para durar muchos a\u00f1os con un uso profesional.<\/li>\n<\/ul>\n<p>&nbsp;<\/p>\n<p>&nbsp;<\/p>\n<p><span style=\"font-family: 'Helvetica Neue', Arial, Helvetica, sans-serif; color: #4a4849;\">\u00a0<\/span><\/p>\n<p><!--EndFragment--><\/p>\n<p>&nbsp;<\/p>\n<p>&nbsp;<\/p>\n<p>&nbsp;<\/p>\n<p><span style=\"line-height: normal;\">\u00a0<\/span><\/p>\n<p>&nbsp;<\/p>\n<p>&nbsp;<\/p>\n<div class=\"span-10 img-div-area\" style=\"margin: 0px 10px 0px 0px; padding: 0px 0px 10px; font-family: 'Helvetica Neue', Arial, Helvetica, sans-serif; vertical-align: baseline; width: 390px; min-height: 420px; float: left;\">\n<p><span style=\"color: #4a4849;\">\u00a0<\/span><\/p>\n<\/div>\n","protected":false},"excerpt":{"rendered":"<p>El Profoto Zoom Reflector ha sido uno de los claros favoritos de los fot\u00f3grafos de todo el mundo durante m\u00e1s de cuatro d\u00e9cadas. Probablemente se deba a que es uno de los reflectores disponibles m\u00e1s vers\u00e1tiles, capaz de proporcionar la luz de un reflector normal, un reflector gran angular y todos los efectos intermedios, gracias a su funci\u00f3n de zoom [&hellip;]<\/p>\n","protected":false},"featured_media":6528,"template":"","meta":[],"product_cat":[785],"product_tag":[],"class_list":{"0":"post-4344","1":"product","2":"type-product","3":"status-publish","4":"has-post-thumbnail","6":"product_cat-pro-modeladores-de-luz","8":"first","9":"instock","10":"shipping-taxable","11":"purchasable","12":"product-type-simple"},"_links":{"self":[{"href":"https:\/\/palmaequipmentrental.com\/es\/wp-json\/wp\/v2\/product\/4344","targetHints":{"allow":["GET"]}}],"collection":[{"href":"https:\/\/palmaequipmentrental.com\/es\/wp-json\/wp\/v2\/product"}],"about":[{"href":"https:\/\/palmaequipmentrental.com\/es\/wp-json\/wp\/v2\/types\/product"}],"wp:featuredmedia":[{"embeddable":true,"href":"https:\/\/palmaequipmentrental.com\/es\/wp-json\/wp\/v2\/media\/6528"}],"wp:attachment":[{"href":"https:\/\/palmaequipmentrental.com\/es\/wp-json\/wp\/v2\/media?parent=4344"}],"wp:term":[{"taxonomy":"product_cat","embeddable":true,"href":"https:\/\/palmaequipmentrental.com\/es\/wp-json\/wp\/v2\/product_cat?post=4344"},{"taxonomy":"product_tag","embeddable":true,"href":"https:\/\/palmaequipmentrental.com\/es\/wp-json\/wp\/v2\/product_tag?post=4344"}],"curies":[{"name":"wp","href":"https:\/\/api.w.org\/{rel}","templated":true}]}}