{"id":4347,"date":"2017-06-22T10:43:01","date_gmt":"2017-06-22T10:43:01","guid":{"rendered":"http:\/\/www.palmaequipmentrental.com\/product\/uncategorized\/pro-telezoom-reflector\/"},"modified":"2023-10-11T14:50:27","modified_gmt":"2023-10-11T14:50:27","slug":"pro-telezoom-reflector","status":"publish","type":"product","link":"https:\/\/palmaequipmentrental.com\/es\/photo-video-equipment-mallorca\/pro-telezoom-reflector\/","title":{"rendered":"Profoto Reflector TeleZoom"},"content":{"rendered":"<p>Aunque comparte sus caracter\u00edsticas b\u00e1sicas con el Profoto reflector Zoom, el Profoto reflector TeleZoom tiene una forma m\u00e1s profunda que crea una luz m\u00e1s dirigida y uniforme con una ca\u00edda de luz distintiva. Esto ha hecho que el TeleZoom se convierta en un accesorio muy usado por los fot\u00f3grafos que quieren trabajar con luz profunda o proyectar luz de manera uniforme a grandes distancias.<\/p>\n<p><strong>Caracter\u00edsticas<\/strong><\/p>\n<ul>\n<li>Incorpora la exclusiva funci\u00f3n de zoom de Profoto: da forma a la luz simplemente deslizando el reflector hacia delante y hacia atr\u00e1s en el cabezal.<\/li>\n<li>Dispersi\u00f3n de la luz ajustable 30-70\u00b0 en el ProHead.<\/li>\n<li>Salida de luz m\u00e1xima a 2 m con 2400Ws @ ISO100: f\/90.7 (ProHead).<\/li>\n<li>Ampl\u00eda su versatilidad a\u00fan m\u00e1s con el Grid 10\u00b0 180 mm opcional para imitar un spot de cine cl\u00e1sico.<\/li>\n<\/ul>\n","protected":false},"excerpt":{"rendered":"<p>Aunque comparte sus caracter\u00edsticas b\u00e1sicas con el Profoto reflector Zoom, el Profoto reflector TeleZoom tiene una forma m\u00e1s profunda que crea una luz m\u00e1s dirigida y uniforme con una ca\u00edda de luz distintiva. Esto ha hecho que el TeleZoom se convierta en un accesorio muy usado por los fot\u00f3grafos que quieren trabajar con luz profunda o proyectar luz de manera [&hellip;]<\/p>\n","protected":false},"featured_media":4800,"template":"","meta":[],"product_cat":[785],"product_tag":[],"class_list":{"0":"post-4347","1":"product","2":"type-product","3":"status-publish","4":"has-post-thumbnail","6":"product_cat-pro-modeladores-de-luz","8":"first","9":"instock","10":"shipping-taxable","11":"purchasable","12":"product-type-simple"},"_links":{"self":[{"href":"https:\/\/palmaequipmentrental.com\/es\/wp-json\/wp\/v2\/product\/4347","targetHints":{"allow":["GET"]}}],"collection":[{"href":"https:\/\/palmaequipmentrental.com\/es\/wp-json\/wp\/v2\/product"}],"about":[{"href":"https:\/\/palmaequipmentrental.com\/es\/wp-json\/wp\/v2\/types\/product"}],"wp:featuredmedia":[{"embeddable":true,"href":"https:\/\/palmaequipmentrental.com\/es\/wp-json\/wp\/v2\/media\/4800"}],"wp:attachment":[{"href":"https:\/\/palmaequipmentrental.com\/es\/wp-json\/wp\/v2\/media?parent=4347"}],"wp:term":[{"taxonomy":"product_cat","embeddable":true,"href":"https:\/\/palmaequipmentrental.com\/es\/wp-json\/wp\/v2\/product_cat?post=4347"},{"taxonomy":"product_tag","embeddable":true,"href":"https:\/\/palmaequipmentrental.com\/es\/wp-json\/wp\/v2\/product_tag?post=4347"}],"curies":[{"name":"wp","href":"https:\/\/api.w.org\/{rel}","templated":true}]}}