{"id":4353,"date":"2017-06-22T10:51:50","date_gmt":"2017-06-22T10:51:50","guid":{"rendered":"http:\/\/www.palmaequipmentrental.com\/product\/uncategorized\/umbrella-deep-xl-white\/"},"modified":"2024-01-26T13:35:43","modified_gmt":"2024-01-26T13:35:43","slug":"umbrella-deep-xl-white","status":"publish","type":"product","link":"https:\/\/palmaequipmentrental.com\/es\/photo-video-equipment-mallorca\/umbrella-deep-xl-white\/","title":{"rendered":"Profoto Paraguas Deep XL Blanco"},"content":{"rendered":"<div class=\"flex-1 overflow-hidden\">\n<div class=\"react-scroll-to-bottom--css-hnnty-79elbk h-full\">\n<div class=\"react-scroll-to-bottom--css-hnnty-1n7m0yu\">\n<div class=\"flex flex-col pb-9 text-sm\">\n<div class=\"w-full text-token-text-primary\" data-testid=\"conversation-turn-20\">\n<div class=\"px-4 py-2 justify-center text-base md:gap-6 m-auto\">\n<div class=\"flex flex-1 text-base mx-auto gap-3 md:px-5 lg:px-1 xl:px-5 md:max-w-3xl lg:max-w-[40rem] xl:max-w-[48rem] group final-completion\">\n<div class=\"relative flex w-full flex-col lg:w-[calc(100%-115px)] agent-turn\">\n<div class=\"flex-col gap-1 md:gap-3\">\n<div class=\"flex flex-grow flex-col max-w-full\">\n<div class=\"min-h-[20px] text-message flex flex-col items-start gap-3 whitespace-pre-wrap break-words [.text-message+&amp;]:mt-5 overflow-x-auto\" data-message-author-role=\"assistant\" data-message-id=\"af68552a-7ff0-4765-8828-565587216699\">\n<div class=\"markdown prose w-full break-words dark:prose-invert light\">\n<p>Explora el Profoto Umbrella Deep XL White en Palma Equipment Rental, tu destino para equipos fotogr\u00e1ficos de primer nivel en Palma de Mallorca y m\u00e1s all\u00e1. Este paraguas premium, con un tama\u00f1o XL y un di\u00e1metro de 65.0&#8243; \/ 165.1 cm, es esencial para profesionales que buscan mejorar sus configuraciones de iluminaci\u00f3n para sesiones de moda y publicidad. Su dise\u00f1o profundo y expansivo garantiza una luz notablemente suave y enfocada, perfecta tanto para aplicaciones fotogr\u00e1ficas como de video.<\/p>\n<p><strong>Detalles T\u00e9cnicos:<\/strong><\/p>\n<ul>\n<li>XL con un di\u00e1metro de 65.0&#8243; \/ 165.1 cm, que ofrece una amplia cobertura de luz.<\/li>\n<li>Interior de color blanco puro para una difusi\u00f3n de luz suave y uniforme.<\/li>\n<li>Forma profunda: Mejora el control y enfoque de la luz.<\/li>\n<li>Garantiza durabilidad y rendimiento constante.<\/li>\n<li>Funciona sin problemas con una variedad de cabezales de flash, incluyendo modelos de Profoto.<\/li>\n<\/ul>\n<p>Eleva la calidad de tu producci\u00f3n con Palma Equipment Rental. No somos solo un servicio de alquiler; somos tu socio creativo en las Islas Baleares y la Espa\u00f1a peninsular. Con nuestro amplio inventario de equipos profesionales, incluyendo el Profoto Umbrella Deep XL White, y nuestro compromiso con un servicio flexible y eficiente, estamos aqu\u00ed para apoyar tu visi\u00f3n las 24 horas del d\u00eda, los 7 d\u00edas de la semana. Sum\u00e9rgete en el mundo de equipos de alta calidad y un soporte sin igual con Palma Equipment Rental, donde tu visi\u00f3n creativa cobra vida.<\/p>\n<\/div>\n<\/div>\n<\/div>\n<\/div>\n<\/div>\n<\/div>\n<\/div>\n<\/div>\n<\/div>\n<\/div>\n<\/div>\n<\/div>\n","protected":false},"excerpt":{"rendered":"<p>Explora el Profoto Umbrella Deep XL White en Palma Equipment Rental, tu destino para equipos fotogr\u00e1ficos de primer nivel en Palma de Mallorca y m\u00e1s all\u00e1. Este paraguas premium, con un tama\u00f1o XL y un di\u00e1metro de 65.0&#8243; \/ 165.1 cm, es esencial para profesionales que buscan mejorar sus configuraciones de iluminaci\u00f3n para sesiones de moda y publicidad. Su dise\u00f1o [&hellip;]<\/p>\n","protected":false},"featured_media":12692,"template":"","meta":[],"product_cat":[194],"product_tag":[],"class_list":{"0":"post-4353","1":"product","2":"type-product","3":"status-publish","4":"has-post-thumbnail","6":"product_cat-paraguas","8":"first","9":"instock","10":"shipping-taxable","11":"purchasable","12":"product-type-simple"},"_links":{"self":[{"href":"https:\/\/palmaequipmentrental.com\/es\/wp-json\/wp\/v2\/product\/4353","targetHints":{"allow":["GET"]}}],"collection":[{"href":"https:\/\/palmaequipmentrental.com\/es\/wp-json\/wp\/v2\/product"}],"about":[{"href":"https:\/\/palmaequipmentrental.com\/es\/wp-json\/wp\/v2\/types\/product"}],"wp:featuredmedia":[{"embeddable":true,"href":"https:\/\/palmaequipmentrental.com\/es\/wp-json\/wp\/v2\/media\/12692"}],"wp:attachment":[{"href":"https:\/\/palmaequipmentrental.com\/es\/wp-json\/wp\/v2\/media?parent=4353"}],"wp:term":[{"taxonomy":"product_cat","embeddable":true,"href":"https:\/\/palmaequipmentrental.com\/es\/wp-json\/wp\/v2\/product_cat?post=4353"},{"taxonomy":"product_tag","embeddable":true,"href":"https:\/\/palmaequipmentrental.com\/es\/wp-json\/wp\/v2\/product_tag?post=4353"}],"curies":[{"name":"wp","href":"https:\/\/api.w.org\/{rel}","templated":true}]}}