{"id":4357,"date":"2017-06-22T11:05:15","date_gmt":"2017-06-22T11:05:15","guid":{"rendered":"http:\/\/www.palmaequipmentrental.com\/product\/uncategorized\/c-stand-20\/"},"modified":"2022-08-23T11:15:09","modified_gmt":"2022-08-23T11:15:09","slug":"c-stand-20","status":"publish","type":"product","link":"https:\/\/palmaequipmentrental.com\/es\/photo-video-equipment-mallorca\/c-stand-20\/","title":{"rendered":"Ceferino 20&#8243;"},"content":{"rendered":"<p>Nuestro <strong>Tr\u00edpode Ceferino 20&#8243;<\/strong> (A2018F) incluye:<\/p>\n<ul>\n<li><strong>Espada\u00a020&#8243;\u00a0<\/strong>(AVD500)<\/li>\n<li><strong>R\u00f3tula<\/strong>\u00a0(AVD200)<\/li>\n<\/ul>\n<p>C-stand de 3 secciones:<\/p>\n<ul>\n<li>Altura m\u00e1xima: 175 cm<\/li>\n<li>Altura m\u00ednima: 84cm<\/li>\n<li>Peso: 4,2 kg<\/li>\n<li>Carga \u00fatil: 8 kg<\/li>\n<li>Longitud plegado: 84 cm<\/li>\n<li>Di\u00e1metro m\u00e1ximo: 95 cm<\/li>\n<\/ul>\n","protected":false},"excerpt":{"rendered":"<p>Nuestro Tr\u00edpode Ceferino 20&#8243; (A2018F) incluye: Espada\u00a020&#8243;\u00a0(AVD500) R\u00f3tula\u00a0(AVD200) C-stand de 3 secciones: Altura m\u00e1xima: 175 cm Altura m\u00ednima: 84cm Peso: 4,2 kg Carga \u00fatil: 8 kg Longitud plegado: 84 cm Di\u00e1metro m\u00e1ximo: 95 cm<\/p>\n","protected":false},"featured_media":5170,"template":"","meta":[],"product_cat":[227,228],"product_tag":[],"class_list":{"0":"post-4357","1":"product","2":"type-product","3":"status-publish","4":"has-post-thumbnail","6":"product_cat-tripodes-de-luz-2","7":"product_cat-tripodes-de-luz","9":"first","10":"instock","11":"shipping-taxable","12":"purchasable","13":"product-type-simple"},"_links":{"self":[{"href":"https:\/\/palmaequipmentrental.com\/es\/wp-json\/wp\/v2\/product\/4357","targetHints":{"allow":["GET"]}}],"collection":[{"href":"https:\/\/palmaequipmentrental.com\/es\/wp-json\/wp\/v2\/product"}],"about":[{"href":"https:\/\/palmaequipmentrental.com\/es\/wp-json\/wp\/v2\/types\/product"}],"wp:featuredmedia":[{"embeddable":true,"href":"https:\/\/palmaequipmentrental.com\/es\/wp-json\/wp\/v2\/media\/5170"}],"wp:attachment":[{"href":"https:\/\/palmaequipmentrental.com\/es\/wp-json\/wp\/v2\/media?parent=4357"}],"wp:term":[{"taxonomy":"product_cat","embeddable":true,"href":"https:\/\/palmaequipmentrental.com\/es\/wp-json\/wp\/v2\/product_cat?post=4357"},{"taxonomy":"product_tag","embeddable":true,"href":"https:\/\/palmaequipmentrental.com\/es\/wp-json\/wp\/v2\/product_tag?post=4357"}],"curies":[{"name":"wp","href":"https:\/\/api.w.org\/{rel}","templated":true}]}}