{"id":4363,"date":"2017-06-22T11:11:48","date_gmt":"2017-06-22T11:11:48","guid":{"rendered":"http:\/\/www.palmaequipmentrental.com\/product\/uncategorized\/cardellini-clamp\/"},"modified":"2024-01-08T14:32:42","modified_gmt":"2024-01-08T14:32:42","slug":"cardellini-clamp","status":"publish","type":"product","link":"https:\/\/palmaequipmentrental.com\/es\/photo-video-equipment-mallorca\/cardellini-clamp\/","title":{"rendered":"Pinza Cardellini End Jaw 2&#8243;"},"content":{"rendered":"<p>Mejora tu arsenal de equipos con la abrazadera Cardellini de mand\u00edbula final de 2&#8243;, orgullosamente ofrecida por Palma Equipment Rental, un nombre de confianza para profesionales en Palma de Mallorca y las Islas Baleares. Esta abrazadera compacta pero potente es perfecta para esas tomas intrincadas y exigentes, ya sea para un elegante editorial de moda o un audaz proyecto publicitario.<\/p>\n<p>Detalles T\u00e9cnicos:<\/p>\n<ul>\n<li>Ancho de la mand\u00edbula: Aproximadamente 5.08 cm (2&#8243;)<\/li>\n<li>Dise\u00f1o compacto, perfecto para espacios limitados<\/li>\n<li>Mand\u00edbula final ajustable y fuerte para un agarre seguro y vers\u00e1til<\/li>\n<li>Mand\u00edbulas engomadas para garantizar un agarre firme y sin da\u00f1os<\/li>\n<li>Ideal para el posicionamiento preciso de c\u00e1maras, luces y accesorios en diversas superficies<\/li>\n<\/ul>\n<p>\u00bfPor qu\u00e9 la necesitas? La abrazadera Cardellini de mand\u00edbula final de 2&#8243; es imprescindible para profesionales que buscan precisi\u00f3n y fiabilidad en espacios reducidos.<\/p>\n<p>En Palma Equipment Rental, somos m\u00e1s que un proveedor de equipos; somos tu socio creativo. Atendemos las diversas necesidades de fot\u00f3grafos y cineastas con nuestra amplia gama de equipos de primer nivel, incluyendo favoritos de la industria como Arri y Nikon. Nuestro compromiso de ofrecer un servicio flexible, eficiente y amigable, junto con soporte t\u00e9cnico las 24 horas, garantiza que tu visi\u00f3n creativa nunca se vea comprometida.<\/p>\n","protected":false},"excerpt":{"rendered":"<p>Mejora tu arsenal de equipos con la abrazadera Cardellini de mand\u00edbula final de 2&#8243;, orgullosamente ofrecida por Palma Equipment Rental, un nombre de confianza para profesionales en Palma de Mallorca y las Islas Baleares. Esta abrazadera compacta pero potente es perfecta para esas tomas intrincadas y exigentes, ya sea para un elegante editorial de moda o un audaz proyecto publicitario. [&hellip;]<\/p>\n","protected":false},"featured_media":10252,"template":"","meta":[],"product_cat":[225,226],"product_tag":[],"class_list":{"0":"post-4363","1":"product","2":"type-product","3":"status-publish","4":"has-post-thumbnail","6":"product_cat-clamps-es","7":"product_cat-clamps2012-03-30-09-44-10-es","9":"first","10":"instock","11":"shipping-taxable","12":"purchasable","13":"product-type-simple"},"_links":{"self":[{"href":"https:\/\/palmaequipmentrental.com\/es\/wp-json\/wp\/v2\/product\/4363","targetHints":{"allow":["GET"]}}],"collection":[{"href":"https:\/\/palmaequipmentrental.com\/es\/wp-json\/wp\/v2\/product"}],"about":[{"href":"https:\/\/palmaequipmentrental.com\/es\/wp-json\/wp\/v2\/types\/product"}],"wp:featuredmedia":[{"embeddable":true,"href":"https:\/\/palmaequipmentrental.com\/es\/wp-json\/wp\/v2\/media\/10252"}],"wp:attachment":[{"href":"https:\/\/palmaequipmentrental.com\/es\/wp-json\/wp\/v2\/media?parent=4363"}],"wp:term":[{"taxonomy":"product_cat","embeddable":true,"href":"https:\/\/palmaequipmentrental.com\/es\/wp-json\/wp\/v2\/product_cat?post=4363"},{"taxonomy":"product_tag","embeddable":true,"href":"https:\/\/palmaequipmentrental.com\/es\/wp-json\/wp\/v2\/product_tag?post=4363"}],"curies":[{"name":"wp","href":"https:\/\/api.w.org\/{rel}","templated":true}]}}