{"id":4442,"date":"2017-07-05T17:51:09","date_gmt":"2017-07-05T17:51:09","guid":{"rendered":"http:\/\/www.palmaequipmentrental.com\/product\/uncategorized\/10m-bnc-hdtv-sdi-cable-copy\/"},"modified":"2025-06-13T13:32:12","modified_gmt":"2025-06-13T13:32:12","slug":"10m-bnc-cable","status":"publish","type":"product","link":"https:\/\/palmaequipmentrental.com\/es\/photo-video-equipment-mallorca\/10m-bnc-cable\/","title":{"rendered":"Cable BNC 10m"},"content":{"rendered":"<p><strong>Cable BNC HDTV SDI 10m<\/strong> .Cable de v\u00eddeo est\u00e1ndar de alta calidad<\/p>\n<ul>\n<li>Cable HD-SDI de 75 Ohm con conector BNC de Damar + Hagen<\/li>\n<li>SC-VECTOR 0.8 \/ 3.7<\/li>\n<li>Velocidad de transferencia: 1,5 Gb\/s<\/li>\n<li>Conductor interno de cobre s\u00f3lido \u00d8 0,80 mm<\/li>\n<li>Di\u00e1metro de la cubierta: 6,0 mm<\/li>\n<li>Longitud: 10,0 m<\/li>\n<\/ul>\n","protected":false},"excerpt":{"rendered":"<p>Cable BNC HDTV SDI 10m .Cable de v\u00eddeo est\u00e1ndar de alta calidad Cable HD-SDI de 75 Ohm con conector BNC de Damar + Hagen SC-VECTOR 0.8 \/ 3.7 Velocidad de transferencia: 1,5 Gb\/s Conductor interno de cobre s\u00f3lido \u00d8 0,80 mm Di\u00e1metro de la cubierta: 6,0 mm Longitud: 10,0 m<\/p>\n","protected":false},"featured_media":9988,"template":"","meta":[],"product_cat":[465],"product_tag":[],"class_list":{"0":"post-4442","1":"product","2":"type-product","3":"status-publish","4":"has-post-thumbnail","6":"product_cat-cables-monitor","8":"first","9":"instock","10":"shipping-taxable","11":"purchasable","12":"product-type-simple"},"_links":{"self":[{"href":"https:\/\/palmaequipmentrental.com\/es\/wp-json\/wp\/v2\/product\/4442","targetHints":{"allow":["GET"]}}],"collection":[{"href":"https:\/\/palmaequipmentrental.com\/es\/wp-json\/wp\/v2\/product"}],"about":[{"href":"https:\/\/palmaequipmentrental.com\/es\/wp-json\/wp\/v2\/types\/product"}],"wp:featuredmedia":[{"embeddable":true,"href":"https:\/\/palmaequipmentrental.com\/es\/wp-json\/wp\/v2\/media\/9988"}],"wp:attachment":[{"href":"https:\/\/palmaequipmentrental.com\/es\/wp-json\/wp\/v2\/media?parent=4442"}],"wp:term":[{"taxonomy":"product_cat","embeddable":true,"href":"https:\/\/palmaequipmentrental.com\/es\/wp-json\/wp\/v2\/product_cat?post=4442"},{"taxonomy":"product_tag","embeddable":true,"href":"https:\/\/palmaequipmentrental.com\/es\/wp-json\/wp\/v2\/product_tag?post=4442"}],"curies":[{"name":"wp","href":"https:\/\/api.w.org\/{rel}","templated":true}]}}