{"id":4444,"date":"2017-07-05T17:49:42","date_gmt":"2017-07-05T17:49:42","guid":{"rendered":"http:\/\/www.palmaequipmentrental.com\/product\/uncategorized\/1m-bnc-hdtv-sdi-cable\/"},"modified":"2022-08-05T12:12:08","modified_gmt":"2022-08-05T12:12:08","slug":"1m-bnc-hdtv-sdi-cable","status":"publish","type":"product","link":"https:\/\/palmaequipmentrental.com\/es\/photo-video-equipment-mallorca\/1m-bnc-hdtv-sdi-cable\/","title":{"rendered":"Cable BNC 1m"},"content":{"rendered":"<p><strong>Cable BNC HDTV SDI 1m.<\/strong> Cable de v\u00eddeo est\u00e1ndar de alta calidad.<\/p>\n<ul>\n<li>Cable HD-SDI de 75 Ohm con conector BNC de Damar + Hagen<\/li>\n<li>SC-VECTOR 0.8 \/ 3.7<\/li>\n<li>Tasa de transferencia: 1,5 Gb\/s<\/li>\n<li>Conductor interno de cobre s\u00f3lido \u00d8 0,80 mm<\/li>\n<li>Di\u00e1metro de la cubierta: 6,0 mm<\/li>\n<li>Longitud: 1,0 m<\/li>\n<\/ul>\n","protected":false},"excerpt":{"rendered":"<p>Cable BNC HDTV SDI 1m. Cable de v\u00eddeo est\u00e1ndar de alta calidad. Cable HD-SDI de 75 Ohm con conector BNC de Damar + Hagen SC-VECTOR 0.8 \/ 3.7 Tasa de transferencia: 1,5 Gb\/s Conductor interno de cobre s\u00f3lido \u00d8 0,80 mm Di\u00e1metro de la cubierta: 6,0 mm Longitud: 1,0 m<\/p>\n","protected":false},"featured_media":9976,"template":"","meta":[],"product_cat":[465],"product_tag":[],"class_list":{"0":"post-4444","1":"product","2":"type-product","3":"status-publish","4":"has-post-thumbnail","6":"product_cat-cables-monitor","8":"first","9":"instock","10":"shipping-taxable","11":"purchasable","12":"product-type-simple"},"_links":{"self":[{"href":"https:\/\/palmaequipmentrental.com\/es\/wp-json\/wp\/v2\/product\/4444","targetHints":{"allow":["GET"]}}],"collection":[{"href":"https:\/\/palmaequipmentrental.com\/es\/wp-json\/wp\/v2\/product"}],"about":[{"href":"https:\/\/palmaequipmentrental.com\/es\/wp-json\/wp\/v2\/types\/product"}],"wp:featuredmedia":[{"embeddable":true,"href":"https:\/\/palmaequipmentrental.com\/es\/wp-json\/wp\/v2\/media\/9976"}],"wp:attachment":[{"href":"https:\/\/palmaequipmentrental.com\/es\/wp-json\/wp\/v2\/media?parent=4444"}],"wp:term":[{"taxonomy":"product_cat","embeddable":true,"href":"https:\/\/palmaequipmentrental.com\/es\/wp-json\/wp\/v2\/product_cat?post=4444"},{"taxonomy":"product_tag","embeddable":true,"href":"https:\/\/palmaequipmentrental.com\/es\/wp-json\/wp\/v2\/product_tag?post=4444"}],"curies":[{"name":"wp","href":"https:\/\/api.w.org\/{rel}","templated":true}]}}