{"id":4449,"date":"2017-07-05T18:08:03","date_gmt":"2017-07-05T18:08:03","guid":{"rendered":"http:\/\/www.palmaequipmentrental.com\/product\/uncategorized\/rode-shotgun-blimp\/"},"modified":"2023-01-24T12:37:48","modified_gmt":"2023-01-24T12:37:48","slug":"rode-shotgun-blimp","status":"publish","type":"product","link":"https:\/\/palmaequipmentrental.com\/es\/photo-video-equipment-mallorca\/rode-shotgun-blimp\/","title":{"rendered":"Rode Zeppelin"},"content":{"rendered":"<p><strong>Sistema de paraviento para micr\u00f3fonos de ca\u00f1\u00f3n Rode<\/strong><\/p>\n<ul>\n<li>Dos soportes Rycote m\u00f3viles<\/li>\n<li>Cables de conexi\u00f3n XLR Mogami integrados<\/li>\n<li>Empu\u00f1adura de pistola ajustable en \u00e1ngulo con conector XLR en la base<\/li>\n<li>Apto para Rode NTG-2 y otros micr\u00f3fonos de ca\u00f1\u00f3n de hasta 325 mm de longitud<\/li>\n<li>Incluye paraviento de pelo<\/li>\n<\/ul>\n","protected":false},"excerpt":{"rendered":"<p>Sistema de paraviento para micr\u00f3fonos de ca\u00f1\u00f3n Rode Dos soportes Rycote m\u00f3viles Cables de conexi\u00f3n XLR Mogami integrados Empu\u00f1adura de pistola ajustable en \u00e1ngulo con conector XLR en la base Apto para Rode NTG-2 y otros micr\u00f3fonos de ca\u00f1\u00f3n de hasta 325 mm de longitud Incluye paraviento de pelo<\/p>\n","protected":false},"featured_media":5689,"template":"","meta":[],"product_cat":[199],"product_tag":[],"class_list":{"0":"post-4449","1":"product","2":"type-product","3":"status-publish","4":"has-post-thumbnail","6":"product_cat-audio-es","8":"first","9":"instock","10":"shipping-taxable","11":"purchasable","12":"product-type-simple"},"_links":{"self":[{"href":"https:\/\/palmaequipmentrental.com\/es\/wp-json\/wp\/v2\/product\/4449","targetHints":{"allow":["GET"]}}],"collection":[{"href":"https:\/\/palmaequipmentrental.com\/es\/wp-json\/wp\/v2\/product"}],"about":[{"href":"https:\/\/palmaequipmentrental.com\/es\/wp-json\/wp\/v2\/types\/product"}],"wp:featuredmedia":[{"embeddable":true,"href":"https:\/\/palmaequipmentrental.com\/es\/wp-json\/wp\/v2\/media\/5689"}],"wp:attachment":[{"href":"https:\/\/palmaequipmentrental.com\/es\/wp-json\/wp\/v2\/media?parent=4449"}],"wp:term":[{"taxonomy":"product_cat","embeddable":true,"href":"https:\/\/palmaequipmentrental.com\/es\/wp-json\/wp\/v2\/product_cat?post=4449"},{"taxonomy":"product_tag","embeddable":true,"href":"https:\/\/palmaequipmentrental.com\/es\/wp-json\/wp\/v2\/product_tag?post=4449"}],"curies":[{"name":"wp","href":"https:\/\/api.w.org\/{rel}","templated":true}]}}