{"id":4474,"date":"2017-11-16T10:28:30","date_gmt":"2017-11-16T10:28:30","guid":{"rendered":"http:\/\/www.palmaequipmentrental.com\/product\/uncategorized\/benro-s8-video-head\/"},"modified":"2022-08-13T13:20:33","modified_gmt":"2022-08-13T13:20:33","slug":"benro-s8-video-head","status":"publish","type":"product","link":"https:\/\/palmaequipmentrental.com\/es\/photo-video-equipment-mallorca\/benro-s8-video-head\/","title":{"rendered":"R\u00f3tula Video Benro S8"},"content":{"rendered":"<p><strong>Rotula fluida para Video Benro S8 <\/strong><\/p>\n<p>Construido para c\u00e1maras HDSLR con rigs y objetivos largos o las \u00faltimas c\u00e1maras de v\u00eddeo, los kits S8 soportan hasta 8 kg. Equipado con una base plana de 75 mm con rosca de 3\/8&#8243;, el S8 se convierte en una vers\u00e1til herramienta creativa que permite retirar el adaptador de media bola de 75 mm para montar el cabezal por separado en sliders o monopies. Otras caracter\u00edsticas son: bloqueo del paneo e inclinaci\u00f3n, arrastre del paneo e inclinaci\u00f3n, contrapeso de 4 pasos, nivel de burbuja iluminado y dos soportes de accesorios de 3\/8&#8243; para fijar brazos de monitor o grabadoras de audio directamente a la cabeza. Esto le permite acoplar accesorios sin necesidad de una jaula o aparejo para hacerlo. El rango de inclinaci\u00f3n del S8 es de +90o\/-75o<\/p>\n<p><strong>Caracter\u00edsticas<\/strong><\/p>\n<ul>\n<li>8kg de capacidad de peso<\/li>\n<li>Media bola de nivelaci\u00f3n de 75mm<\/li>\n<li>63,8&#8243; de altura m\u00e1xima \/ 31,9&#8243; cerrada<\/li>\n<li>Ajuste de arrastre de giro e inclinaci\u00f3n continuo<\/li>\n<li>De +90\u00b0 a -70\u00b0 de inclinaci\u00f3n \/ 360\u00b0 de giro<\/li>\n<li>Montaje de la barra de pan a la derecha o a la izquierda<\/li>\n<li>Liberaci\u00f3n de la pata con cierre abatible<\/li>\n<\/ul>\n","protected":false},"excerpt":{"rendered":"<p>Rotula fluida para Video Benro S8 Construido para c\u00e1maras HDSLR con rigs y objetivos largos o las \u00faltimas c\u00e1maras de v\u00eddeo, los kits S8 soportan hasta 8 kg. Equipado con una base plana de 75 mm con rosca de 3\/8&#8243;, el S8 se convierte en una vers\u00e1til herramienta creativa que permite retirar el adaptador de media bola de 75 mm [&hellip;]<\/p>\n","protected":false},"featured_media":5512,"template":"","meta":[],"product_cat":[205],"product_tag":[],"class_list":{"0":"post-4474","1":"product","2":"type-product","3":"status-publish","4":"has-post-thumbnail","6":"product_cat-tripods-video-grip-es","8":"first","9":"instock","10":"shipping-taxable","11":"purchasable","12":"product-type-simple"},"_links":{"self":[{"href":"https:\/\/palmaequipmentrental.com\/es\/wp-json\/wp\/v2\/product\/4474","targetHints":{"allow":["GET"]}}],"collection":[{"href":"https:\/\/palmaequipmentrental.com\/es\/wp-json\/wp\/v2\/product"}],"about":[{"href":"https:\/\/palmaequipmentrental.com\/es\/wp-json\/wp\/v2\/types\/product"}],"wp:featuredmedia":[{"embeddable":true,"href":"https:\/\/palmaequipmentrental.com\/es\/wp-json\/wp\/v2\/media\/5512"}],"wp:attachment":[{"href":"https:\/\/palmaequipmentrental.com\/es\/wp-json\/wp\/v2\/media?parent=4474"}],"wp:term":[{"taxonomy":"product_cat","embeddable":true,"href":"https:\/\/palmaequipmentrental.com\/es\/wp-json\/wp\/v2\/product_cat?post=4474"},{"taxonomy":"product_tag","embeddable":true,"href":"https:\/\/palmaequipmentrental.com\/es\/wp-json\/wp\/v2\/product_tag?post=4474"}],"curies":[{"name":"wp","href":"https:\/\/api.w.org\/{rel}","templated":true}]}}