{"id":4541,"date":"2018-06-27T09:39:16","date_gmt":"2018-06-27T09:39:16","guid":{"rendered":"http:\/\/www.palmaequipmentrental.com\/product\/uncategorized\/chimera-daylight-plus-medium-softbox\/"},"modified":"2023-10-12T15:24:25","modified_gmt":"2023-10-12T15:24:25","slug":"chimera-daylight-plus-medium-softbox","status":"publish","type":"product","link":"https:\/\/palmaequipmentrental.com\/es\/photo-video-equipment-mallorca\/chimera-daylight-plus-medium-softbox\/","title":{"rendered":"Chimera Ventana Daylight Plus M"},"content":{"rendered":"<p><strong>Chimera Medium Daylite Plus 36&#215;48&#8243; (90x120cm) Softbox incluyendo una chimera Speedring.<\/strong><\/p>\n<p>La profundidad del Daylite Plus es ideal para peque\u00f1as luces fresnel de hasta 6.000 vatios. Es m\u00e1s profundo que el Quartz Plus dise\u00f1ado para luces Fresnel.<\/p>\n<p>Utilice esta ventana para obtener la luz m\u00e1s suave posible. La designaci\u00f3n \u00abPlus\u00bb significa que la cara de la ventana es desmontable. Se incluyen diferentes intensidades de material de difusi\u00f3n frontal.<br \/>\nEl uso de medio o un cuarto de difusi\u00f3n en lugar de la completa, o la eliminaci\u00f3n del deflector interior dar\u00e1 lugar a un mayor contraste, un poco m\u00e1s de transmisi\u00f3n de luz, y menos suavizaci\u00f3n de la luz.<\/p>\n<p><strong>Especificaciones:<\/strong><\/p>\n<ul>\n<li>Para luces fresnel<\/li>\n<li>Tama\u00f1o: 36&#215;48&#8243; (90x120cm)<\/li>\n<li>Potencia nominal de hasta 6.000 vatios<\/li>\n<li>Se adapta a di\u00e1metros de 9 a 21,5 pulgadas.<\/li>\n<\/ul>\n<p><strong>Telas incluidas:<\/strong><\/p>\n<ul>\n<li>deflector Interior (difusi\u00f3n 1 f-stop)<\/li>\n<li>Tela de difusi\u00f3n frontal de 1 f-stop<\/li>\n<li>Tela de difusi\u00f3n frontal de 1\/2 rejilla<\/li>\n<li>Tela de difusi\u00f3n frontal de 1\/4 de rejilla<\/li>\n<\/ul>\n","protected":false},"excerpt":{"rendered":"<p>Chimera Medium Daylite Plus 36&#215;48&#8243; (90x120cm) Softbox incluyendo una chimera Speedring. La profundidad del Daylite Plus es ideal para peque\u00f1as luces fresnel de hasta 6.000 vatios. Es m\u00e1s profundo que el Quartz Plus dise\u00f1ado para luces Fresnel. Utilice esta ventana para obtener la luz m\u00e1s suave posible. La designaci\u00f3n \u00abPlus\u00bb significa que la cara de la ventana es desmontable. Se [&hellip;]<\/p>\n","protected":false},"featured_media":12484,"template":"","meta":[],"product_cat":[399,440],"product_tag":[],"class_list":{"0":"post-4541","1":"product","2":"type-product","3":"status-publish","4":"has-post-thumbnail","6":"product_cat-ventanas","7":"product_cat-ventanas-es","9":"first","10":"instock","11":"shipping-taxable","12":"purchasable","13":"product-type-simple"},"_links":{"self":[{"href":"https:\/\/palmaequipmentrental.com\/es\/wp-json\/wp\/v2\/product\/4541","targetHints":{"allow":["GET"]}}],"collection":[{"href":"https:\/\/palmaequipmentrental.com\/es\/wp-json\/wp\/v2\/product"}],"about":[{"href":"https:\/\/palmaequipmentrental.com\/es\/wp-json\/wp\/v2\/types\/product"}],"wp:featuredmedia":[{"embeddable":true,"href":"https:\/\/palmaequipmentrental.com\/es\/wp-json\/wp\/v2\/media\/12484"}],"wp:attachment":[{"href":"https:\/\/palmaequipmentrental.com\/es\/wp-json\/wp\/v2\/media?parent=4541"}],"wp:term":[{"taxonomy":"product_cat","embeddable":true,"href":"https:\/\/palmaequipmentrental.com\/es\/wp-json\/wp\/v2\/product_cat?post=4541"},{"taxonomy":"product_tag","embeddable":true,"href":"https:\/\/palmaequipmentrental.com\/es\/wp-json\/wp\/v2\/product_tag?post=4541"}],"curies":[{"name":"wp","href":"https:\/\/api.w.org\/{rel}","templated":true}]}}