{"id":4543,"date":"2018-06-27T08:52:49","date_gmt":"2018-06-27T08:52:49","guid":{"rendered":"http:\/\/www.palmaequipmentrental.com\/product\/uncategorized\/2-x-1m-trace-frame\/"},"modified":"2023-02-01T20:17:11","modified_gmt":"2023-02-01T20:17:11","slug":"2-x-1m-trace-frame","status":"publish","type":"product","link":"https:\/\/palmaequipmentrental.com\/es\/photo-video-equipment-mallorca\/2-x-1m-trace-frame\/","title":{"rendered":"Marco 2x1m"},"content":{"rendered":"<p><strong>Marco de 2&#215;1 metros<\/strong><\/p>\n<p>Marco plano de aluminio para l control de la luz mediante la fijaci\u00f3n de medios de difusi\u00f3n o reflexi\u00f3n.<\/p>\n<p>Con perno Baby pin de 10mm de largo y 5\/8\u2033 (16mm) de diametro.<\/p>\n","protected":false},"excerpt":{"rendered":"<p>Marco de 2&#215;1 metros Marco plano de aluminio para l control de la luz mediante la fijaci\u00f3n de medios de difusi\u00f3n o reflexi\u00f3n. Con perno Baby pin de 10mm de largo y 5\/8\u2033 (16mm) de diametro.<\/p>\n","protected":false},"featured_media":11024,"template":"","meta":[],"product_cat":[230,729],"product_tag":[],"class_list":{"0":"post-4543","1":"product","2":"type-product","3":"status-publish","4":"has-post-thumbnail","6":"product_cat-flags-nets-stands-a-grip2012-03-30-09-24-32-es","7":"product_cat-banderas-nets-es","9":"first","10":"instock","11":"shipping-taxable","12":"purchasable","13":"product-type-simple"},"_links":{"self":[{"href":"https:\/\/palmaequipmentrental.com\/es\/wp-json\/wp\/v2\/product\/4543","targetHints":{"allow":["GET"]}}],"collection":[{"href":"https:\/\/palmaequipmentrental.com\/es\/wp-json\/wp\/v2\/product"}],"about":[{"href":"https:\/\/palmaequipmentrental.com\/es\/wp-json\/wp\/v2\/types\/product"}],"wp:featuredmedia":[{"embeddable":true,"href":"https:\/\/palmaequipmentrental.com\/es\/wp-json\/wp\/v2\/media\/11024"}],"wp:attachment":[{"href":"https:\/\/palmaequipmentrental.com\/es\/wp-json\/wp\/v2\/media?parent=4543"}],"wp:term":[{"taxonomy":"product_cat","embeddable":true,"href":"https:\/\/palmaequipmentrental.com\/es\/wp-json\/wp\/v2\/product_cat?post=4543"},{"taxonomy":"product_tag","embeddable":true,"href":"https:\/\/palmaequipmentrental.com\/es\/wp-json\/wp\/v2\/product_tag?post=4543"}],"curies":[{"name":"wp","href":"https:\/\/api.w.org\/{rel}","templated":true}]}}