{"id":4553,"date":"2018-06-27T08:33:03","date_gmt":"2018-06-27T08:33:03","guid":{"rendered":"http:\/\/www.palmaequipmentrental.com\/product\/uncategorized\/junior-grip-helper\/"},"modified":"2022-08-05T12:11:40","modified_gmt":"2022-08-05T12:11:40","slug":"junior-grip-helper","status":"publish","type":"product","link":"https:\/\/palmaequipmentrental.com\/es\/photo-video-equipment-mallorca\/junior-grip-helper\/","title":{"rendered":"Junior Grip Helper"},"content":{"rendered":"<p><strong>Junior Grip Helper<\/strong><br \/>\nEl Grip Helper es la combinaci\u00f3n de varios adaptadores en uno. El Pin Junior del Grip Helper se monta en un soporte de luz y el Receptor Junior permite el montaje de un accesorio de luz sin alterar el centro de equilibrio. En el medio hay un brazo de extensi\u00f3n telesc\u00f3pico de 3 a 6 pulgadas fijado en un \u00e1ngulo de 45 grados con una cabeza de agarre de 4 1\/2 pulgadas. Utilizando el Grip Helper se puede utilizar un foco grande y un marco de difusi\u00f3n de hasta 48&#8243; x 48&#8243; en el mismo soporte.<\/p>\n","protected":false},"excerpt":{"rendered":"<p>Junior Grip Helper El Grip Helper es la combinaci\u00f3n de varios adaptadores en uno. El Pin Junior del Grip Helper se monta en un soporte de luz y el Receptor Junior permite el montaje de un accesorio de luz sin alterar el centro de equilibrio. En el medio hay un brazo de extensi\u00f3n telesc\u00f3pico de 3 a 6 pulgadas fijado [&hellip;]<\/p>\n","protected":false},"featured_media":10261,"template":"","meta":[],"product_cat":[225,226],"product_tag":[],"class_list":{"0":"post-4553","1":"product","2":"type-product","3":"status-publish","4":"has-post-thumbnail","6":"product_cat-clamps-es","7":"product_cat-clamps2012-03-30-09-44-10-es","9":"first","10":"instock","11":"shipping-taxable","12":"purchasable","13":"product-type-simple"},"_links":{"self":[{"href":"https:\/\/palmaequipmentrental.com\/es\/wp-json\/wp\/v2\/product\/4553","targetHints":{"allow":["GET"]}}],"collection":[{"href":"https:\/\/palmaequipmentrental.com\/es\/wp-json\/wp\/v2\/product"}],"about":[{"href":"https:\/\/palmaequipmentrental.com\/es\/wp-json\/wp\/v2\/types\/product"}],"wp:featuredmedia":[{"embeddable":true,"href":"https:\/\/palmaequipmentrental.com\/es\/wp-json\/wp\/v2\/media\/10261"}],"wp:attachment":[{"href":"https:\/\/palmaequipmentrental.com\/es\/wp-json\/wp\/v2\/media?parent=4553"}],"wp:term":[{"taxonomy":"product_cat","embeddable":true,"href":"https:\/\/palmaequipmentrental.com\/es\/wp-json\/wp\/v2\/product_cat?post=4553"},{"taxonomy":"product_tag","embeddable":true,"href":"https:\/\/palmaequipmentrental.com\/es\/wp-json\/wp\/v2\/product_tag?post=4553"}],"curies":[{"name":"wp","href":"https:\/\/api.w.org\/{rel}","templated":true}]}}