{"id":4559,"date":"2018-06-26T10:51:46","date_gmt":"2018-06-26T10:51:46","guid":{"rendered":"http:\/\/www.palmaequipmentrental.com\/product\/uncategorized\/12x12-unbleached-muslin\/"},"modified":"2022-08-11T09:41:29","modified_gmt":"2022-08-11T09:41:29","slug":"12x12-unbleached-muslin","status":"publish","type":"product","link":"https:\/\/palmaequipmentrental.com\/es\/photo-video-equipment-mallorca\/12x12-unbleached-muslin\/","title":{"rendered":"12&#215;12&#8242; Tela Muselina Sin Blanquear"},"content":{"rendered":"<p><strong>Muselina sin blanquear (Muslin Unbleached) 12&#215;12&#8242; 360cm x 360cm.<\/strong><\/p>\n<p>Proporciona una suave difusi\u00f3n con un tono m\u00e1s c\u00e1lido que la muselina blanqueada.<\/p>\n","protected":false},"excerpt":{"rendered":"<p>Muselina sin blanquear (Muslin Unbleached) 12&#215;12&#8242; 360cm x 360cm. Proporciona una suave difusi\u00f3n con un tono m\u00e1s c\u00e1lido que la muselina blanqueada.<\/p>\n","protected":false},"featured_media":10363,"template":"","meta":[],"product_cat":[817,824],"product_tag":[],"class_list":{"0":"post-4559","1":"product","2":"type-product","3":"status-publish","4":"has-post-thumbnail","6":"product_cat-12x12-butterfly-v-es","7":"product_cat-12x12-butterfly-es","9":"first","10":"instock","11":"shipping-taxable","12":"purchasable","13":"product-type-simple"},"_links":{"self":[{"href":"https:\/\/palmaequipmentrental.com\/es\/wp-json\/wp\/v2\/product\/4559","targetHints":{"allow":["GET"]}}],"collection":[{"href":"https:\/\/palmaequipmentrental.com\/es\/wp-json\/wp\/v2\/product"}],"about":[{"href":"https:\/\/palmaequipmentrental.com\/es\/wp-json\/wp\/v2\/types\/product"}],"wp:featuredmedia":[{"embeddable":true,"href":"https:\/\/palmaequipmentrental.com\/es\/wp-json\/wp\/v2\/media\/10363"}],"wp:attachment":[{"href":"https:\/\/palmaequipmentrental.com\/es\/wp-json\/wp\/v2\/media?parent=4559"}],"wp:term":[{"taxonomy":"product_cat","embeddable":true,"href":"https:\/\/palmaequipmentrental.com\/es\/wp-json\/wp\/v2\/product_cat?post=4559"},{"taxonomy":"product_tag","embeddable":true,"href":"https:\/\/palmaequipmentrental.com\/es\/wp-json\/wp\/v2\/product_tag?post=4559"}],"curies":[{"name":"wp","href":"https:\/\/api.w.org\/{rel}","templated":true}]}}