{"id":4569,"date":"2018-06-26T08:35:48","date_gmt":"2018-06-26T08:35:48","guid":{"rendered":"http:\/\/www.palmaequipmentrental.com\/product\/uncategorized\/manfrotto-146cs-high-steel-stand-extension\/"},"modified":"2023-10-12T15:35:48","modified_gmt":"2023-10-12T15:35:48","slug":"manfrotto-146cs-high-steel-stand-extension","status":"publish","type":"product","link":"https:\/\/palmaequipmentrental.com\/es\/photo-video-equipment-mallorca\/manfrotto-146cs-high-steel-stand-extension\/","title":{"rendered":"Extensi\u00f3n Tr\u00edpode Manfrotto 146CS"},"content":{"rendered":"<p>Esta extensi\u00f3n de tr\u00edpode Manfrotto 146CS se acopla en la parte superior del tr\u00edpode y extiende su altura de 1.4 a 3.1 metros (53 a 123.6&#8243;)<\/p>\n<p>Cuenta con dos secciones elevadoras con bloqueo.<\/p>\n<p><span style=\"font-family: Arial, Helvetica, sans-serif; color: #929292;\"><span style=\"font-size: 11px; line-height: normal;\">\u00a0<\/span><\/span><\/p>\n","protected":false},"excerpt":{"rendered":"<p>Esta extensi\u00f3n de tr\u00edpode Manfrotto 146CS se acopla en la parte superior del tr\u00edpode y extiende su altura de 1.4 a 3.1 metros (53 a 123.6&#8243;) Cuenta con dos secciones elevadoras con bloqueo. \u00a0<\/p>\n","protected":false},"featured_media":4727,"template":"","meta":[],"product_cat":[227,228],"product_tag":[],"class_list":{"0":"post-4569","1":"product","2":"type-product","3":"status-publish","4":"has-post-thumbnail","6":"product_cat-tripodes-de-luz-2","7":"product_cat-tripodes-de-luz","9":"first","10":"instock","11":"shipping-taxable","12":"purchasable","13":"product-type-simple"},"_links":{"self":[{"href":"https:\/\/palmaequipmentrental.com\/es\/wp-json\/wp\/v2\/product\/4569","targetHints":{"allow":["GET"]}}],"collection":[{"href":"https:\/\/palmaequipmentrental.com\/es\/wp-json\/wp\/v2\/product"}],"about":[{"href":"https:\/\/palmaequipmentrental.com\/es\/wp-json\/wp\/v2\/types\/product"}],"wp:featuredmedia":[{"embeddable":true,"href":"https:\/\/palmaequipmentrental.com\/es\/wp-json\/wp\/v2\/media\/4727"}],"wp:attachment":[{"href":"https:\/\/palmaequipmentrental.com\/es\/wp-json\/wp\/v2\/media?parent=4569"}],"wp:term":[{"taxonomy":"product_cat","embeddable":true,"href":"https:\/\/palmaequipmentrental.com\/es\/wp-json\/wp\/v2\/product_cat?post=4569"},{"taxonomy":"product_tag","embeddable":true,"href":"https:\/\/palmaequipmentrental.com\/es\/wp-json\/wp\/v2\/product_tag?post=4569"}],"curies":[{"name":"wp","href":"https:\/\/api.w.org\/{rel}","templated":true}]}}