{"id":4571,"date":"2018-06-26T08:25:33","date_gmt":"2018-06-26T08:25:33","guid":{"rendered":"http:\/\/www.palmaequipmentrental.com\/product\/uncategorized\/manfrotto-405-3-way-head\/"},"modified":"2023-10-05T14:28:27","modified_gmt":"2023-10-05T14:28:27","slug":"manfrotto-405-3-way-head","status":"publish","type":"product","link":"https:\/\/palmaequipmentrental.com\/es\/photo-video-equipment-mallorca\/manfrotto-405-3-way-head\/","title":{"rendered":"R\u00f3tula Manfrotto 405 Geared Head"},"content":{"rendered":"<p><strong>R\u00f3tula para tr\u00edpode con engranaje Manfrotto 405<\/strong><\/p>\n<p>Tiene mandos grandes, f\u00e1ciles de coger lo que la proporciona un control de deslizamiento suave y seguro de 360\u00ba en horizontal y +90\u00ba -30\u00ba de inclinaci\u00f3n frontal y lateral. Esta r\u00f3tula adem\u00e1s permite desengranar los bloqueos para situar la c\u00e1mara a la posici\u00f3n deseada y luego volver a engranarlos para fijarla.<\/p>\n<ul>\n<li>Mandos microm\u00e9tricos para un ajuste y movimiento preciso<\/li>\n<li>Sistema de bloqueo para mover los ejes m\u00e1s r\u00e1pidamente<\/li>\n<li>Incorpora Zapata 410 con liberaci\u00f3n r\u00e1pida y roscas 1\/4\u00bb y 3\/8\u00bb<\/li>\n<li>Nivel de burbuja para una composici\u00f3n del encuadre precisa<\/li>\n<li>Peso: 1,6 kg<\/li>\n<li>Di\u00e1metro de la base: 60 mm<\/li>\n<li>Inclinaci\u00f3n frontal: -30\u00b0 \/ +90\u00b0<\/li>\n<li>Carga \u00fatil de seguridad: 7,5 kg<\/li>\n<\/ul>\n","protected":false},"excerpt":{"rendered":"<p>R\u00f3tula para tr\u00edpode con engranaje Manfrotto 405 Tiene mandos grandes, f\u00e1ciles de coger lo que la proporciona un control de deslizamiento suave y seguro de 360\u00ba en horizontal y +90\u00ba -30\u00ba de inclinaci\u00f3n frontal y lateral. Esta r\u00f3tula adem\u00e1s permite desengranar los bloqueos para situar la c\u00e1mara a la posici\u00f3n deseada y luego volver a engranarlos para fijarla. Mandos microm\u00e9tricos [&hellip;]<\/p>\n","protected":false},"featured_media":9743,"template":"","meta":[],"product_cat":[204],"product_tag":[],"class_list":{"0":"post-4571","1":"product","2":"type-product","3":"status-publish","4":"has-post-thumbnail","6":"product_cat-tripods-es","8":"first","9":"instock","10":"shipping-taxable","11":"purchasable","12":"product-type-simple"},"_links":{"self":[{"href":"https:\/\/palmaequipmentrental.com\/es\/wp-json\/wp\/v2\/product\/4571","targetHints":{"allow":["GET"]}}],"collection":[{"href":"https:\/\/palmaequipmentrental.com\/es\/wp-json\/wp\/v2\/product"}],"about":[{"href":"https:\/\/palmaequipmentrental.com\/es\/wp-json\/wp\/v2\/types\/product"}],"wp:featuredmedia":[{"embeddable":true,"href":"https:\/\/palmaequipmentrental.com\/es\/wp-json\/wp\/v2\/media\/9743"}],"wp:attachment":[{"href":"https:\/\/palmaequipmentrental.com\/es\/wp-json\/wp\/v2\/media?parent=4571"}],"wp:term":[{"taxonomy":"product_cat","embeddable":true,"href":"https:\/\/palmaequipmentrental.com\/es\/wp-json\/wp\/v2\/product_cat?post=4571"},{"taxonomy":"product_tag","embeddable":true,"href":"https:\/\/palmaequipmentrental.com\/es\/wp-json\/wp\/v2\/product_tag?post=4571"}],"curies":[{"name":"wp","href":"https:\/\/api.w.org\/{rel}","templated":true}]}}