{"id":4573,"date":"2018-06-22T10:27:41","date_gmt":"2018-06-22T10:27:41","guid":{"rendered":"http:\/\/www.palmaequipmentrental.com\/product\/uncategorized\/manfrotto-161mk2b-tripod\/"},"modified":"2023-10-05T14:30:02","modified_gmt":"2023-10-05T14:30:02","slug":"manfrotto-161mk2b-tripod","status":"publish","type":"product","link":"https:\/\/palmaequipmentrental.com\/es\/photo-video-equipment-mallorca\/manfrotto-161mk2b-tripod\/","title":{"rendered":"Manfrotto 161MK2B Tr\u00edpode"},"content":{"rendered":"<p>Tr\u00edpode<strong> Manfrotto 161MK2B.<\/strong><\/p>\n<p>A\u00f1ade una r\u00f3tula de tu elecci\u00f3n:<\/p>\n<ul class=\"ul1\">\n<li class=\"li1\">R\u00f3tula Manfrotto 808RC4 3D.<\/li>\n<li class=\"li1\">R\u00f3tula de Bola Manfrotto.<\/li>\n<li class=\"li1\">R\u00f3tula Manfrotto 405 Geared Head.<\/li>\n<li class=\"li1\">R\u00f3tula Manfrotto 229 3D.<\/li>\n<\/ul>\n<p class=\"p1\">El tr\u00edpode m\u00e1s alto de la gama. Capaz de proporcionar una plataforma estable para c\u00e1maras hasta 20kg a una altura m\u00e1xima de nada menos que 2,67m; por otro lado, este gigante tambi\u00e9n puede llegar a una altura m\u00ednima de solo 44cm. Ls columna central con cremallera es autoblocante. Las patas est\u00e1n soportadas por montantes telesc\u00f3picos para conseguir la m\u00e1xima rigidez y poseen adem\u00e1s la posibilidad de tener \u00e1ngulos ajustables individualmente que adem\u00e1s se pueden bloquear. Los pies en goma con clavos retractables y el nivel son equipo est\u00e1ndar. Ideal para c\u00e1maras de gran formato. Di\u00e1metros de las patas en mm: 40,35,30. Mismo modelo que el 161MK2 pero en negro.<\/p>\n<ul>\n<li>Altura m\u00e1xima 267 cm<\/li>\n<li>Altura m\u00ednima 44 cm<\/li>\n<li>Peso 9 kg<\/li>\n<li>Peso de la carga \u00fatil de seguridad 20 kg<\/li>\n<\/ul>\n","protected":false},"excerpt":{"rendered":"<ul>\n<li class=\"uk-margin-small-bottom uk-display-block\">Leg Section:\u00a03 Section<\/li>\n<li class=\"uk-margin-small-bottom uk-display-block\">Material:\u00a0Aluminium<\/li>\n<li class=\"uk-margin-small-bottom uk-display-block\">Max Height Group:\u00a070+inch<\/li>\n<li class=\"uk-margin-small-bottom uk-display-block\">Max Payload:\u00a020kg<\/li>\n<li class=\"uk-margin-small-bottom uk-display-block\">Min Height Group:\u00a010-20 inch<\/li>\n<li class=\"uk-margin-small-bottom uk-display-block\">Type:\u00a0Video<\/li>\n<\/ul>\n","protected":false},"featured_media":9765,"template":"","meta":[],"product_cat":[204],"product_tag":[],"class_list":{"0":"post-4573","1":"product","2":"type-product","3":"status-publish","4":"has-post-thumbnail","6":"product_cat-tripods-es","8":"first","9":"instock","10":"shipping-taxable","11":"purchasable","12":"product-type-simple"},"_links":{"self":[{"href":"https:\/\/palmaequipmentrental.com\/es\/wp-json\/wp\/v2\/product\/4573","targetHints":{"allow":["GET"]}}],"collection":[{"href":"https:\/\/palmaequipmentrental.com\/es\/wp-json\/wp\/v2\/product"}],"about":[{"href":"https:\/\/palmaequipmentrental.com\/es\/wp-json\/wp\/v2\/types\/product"}],"wp:featuredmedia":[{"embeddable":true,"href":"https:\/\/palmaequipmentrental.com\/es\/wp-json\/wp\/v2\/media\/9765"}],"wp:attachment":[{"href":"https:\/\/palmaequipmentrental.com\/es\/wp-json\/wp\/v2\/media?parent=4573"}],"wp:term":[{"taxonomy":"product_cat","embeddable":true,"href":"https:\/\/palmaequipmentrental.com\/es\/wp-json\/wp\/v2\/product_cat?post=4573"},{"taxonomy":"product_tag","embeddable":true,"href":"https:\/\/palmaequipmentrental.com\/es\/wp-json\/wp\/v2\/product_tag?post=4573"}],"curies":[{"name":"wp","href":"https:\/\/api.w.org\/{rel}","templated":true}]}}