{"id":4579,"date":"2018-06-22T08:12:07","date_gmt":"2018-06-22T08:12:07","guid":{"rendered":"http:\/\/www.palmaequipmentrental.com\/product\/uncategorized\/fg-dimmer-3000w\/"},"modified":"2023-02-14T13:24:00","modified_gmt":"2023-02-14T13:24:00","slug":"fg-dimmer-3000w","status":"publish","type":"product","link":"https:\/\/palmaequipmentrental.com\/es\/photo-video-equipment-mallorca\/fg-dimmer-3000w\/","title":{"rendered":"FG Atenuador 3000w"},"content":{"rendered":"<p><strong>FG-Elektronik Dimmer universal para Atenuar cargas resistivas el\u00e9ctricas de hasta 3000W Espec\u00edficamente para luces profesionales.<\/strong><\/p>\n<p>Tensi\u00f3n de salida de ajuste variable (10 &#8211; 230V) mediante potenci\u00f3metro giratorio, con conector Schuko de entrada\/salida y DMX &#8211; 230VAC.<\/p>\n<p><strong>Caracter\u00edsticas:<\/strong><\/p>\n<ul>\n<li>interruptor on\/off<\/li>\n<li>Potencia de salida: m\u00e1x. 3000W<\/li>\n<li>Frecuencia: 43 &#8211; 70 Hz<\/li>\n<li>Corriente de salida: m\u00e1x. 13A<\/li>\n<li>Principio de control: control del \u00e1ngulo de fase<\/li>\n<li>Conexiones: Cable de red de 2 metros con enchufe de seguridad, toma de seguridad con tapa abatible<\/li>\n<li>Dimensiones: 214x105x97mm 214x105x97mm<\/li>\n<\/ul>\n","protected":false},"excerpt":{"rendered":"<p>FG-Elektronik Dimmer universal para Atenuar cargas resistivas el\u00e9ctricas de hasta 3000W Espec\u00edficamente para luces profesionales. Tensi\u00f3n de salida de ajuste variable (10 &#8211; 230V) mediante potenci\u00f3metro giratorio, con conector Schuko de entrada\/salida y DMX &#8211; 230VAC. Caracter\u00edsticas: interruptor on\/off Potencia de salida: m\u00e1x. 3000W Frecuencia: 43 &#8211; 70 Hz Corriente de salida: m\u00e1x. 13A Principio de control: control del \u00e1ngulo [&hellip;]<\/p>\n","protected":false},"featured_media":12498,"template":"","meta":[],"product_cat":[207,722],"product_tag":[],"class_list":{"0":"post-4579","1":"product","2":"type-product","3":"status-publish","4":"has-post-thumbnail","6":"product_cat-luz-tungsteno-luz-continua","7":"product_cat-luz-tungsteno","9":"first","10":"instock","11":"shipping-taxable","12":"purchasable","13":"product-type-simple"},"_links":{"self":[{"href":"https:\/\/palmaequipmentrental.com\/es\/wp-json\/wp\/v2\/product\/4579","targetHints":{"allow":["GET"]}}],"collection":[{"href":"https:\/\/palmaequipmentrental.com\/es\/wp-json\/wp\/v2\/product"}],"about":[{"href":"https:\/\/palmaequipmentrental.com\/es\/wp-json\/wp\/v2\/types\/product"}],"wp:featuredmedia":[{"embeddable":true,"href":"https:\/\/palmaequipmentrental.com\/es\/wp-json\/wp\/v2\/media\/12498"}],"wp:attachment":[{"href":"https:\/\/palmaequipmentrental.com\/es\/wp-json\/wp\/v2\/media?parent=4579"}],"wp:term":[{"taxonomy":"product_cat","embeddable":true,"href":"https:\/\/palmaequipmentrental.com\/es\/wp-json\/wp\/v2\/product_cat?post=4579"},{"taxonomy":"product_tag","embeddable":true,"href":"https:\/\/palmaequipmentrental.com\/es\/wp-json\/wp\/v2\/product_tag?post=4579"}],"curies":[{"name":"wp","href":"https:\/\/api.w.org\/{rel}","templated":true}]}}